{"id":6,"date":"2012-06-25T15:19:35","date_gmt":"2012-06-25T13:19:35","guid":{"rendered":"http:\/\/localhost\/infosyslab-wp\/index.php\/3ia\/"},"modified":"2023-02-22T09:12:38","modified_gmt":"2023-02-22T08:12:38","slug":"3ia","status":"publish","type":"page","link":"http:\/\/infosyslab.fr\/index.php\/ressources\/logiciels\/3ia\/","title":{"rendered":"3ia"},"content":{"rendered":"<p>Sous cette d\u00e9nomination sibylline, on trouve la recherche d\u2019un nouvel algorithme permettant de construire un cladogramme, diff\u00e9rent de l\u2019algorithme de parcimonie. Cette recherche initi\u00e9e dans les ann\u00e9es 1970 par le syst\u00e9maticien am\u00e9ricain G. Nelson butait sur la difficult\u00e9 de concevoir et de mettre en application un algorithme permettant de \u00absuperposer\u00bb des hypoth\u00e8ses de parent\u00e9 par caract\u00e8re (des propositions hi\u00e9rarchiques) sans passer par un calcul de distance minimale. Ces travaux ont abouti \u00e0 la r\u00e9alisation du logiciel <a href=\"http:\/\/lis.snv.jussieu.fr\/apps\/Nelson05\/\">NELSON05<\/a>(Ducasse et al. 2007). Ce logiciel est accessible en ligne.<br \/>\nLa version actuelle est une version de travail qui est encore en devenir. NELSON05 permet de construire des cladogrammes qui ne sont pas des arbres de longueur minimale mais des arbres optimisant les propositions hi\u00e9rarchiques de base, dites \u00ab \u00e0-trois-taxons \u00bb = 3ia). On ne saurait trop souligner que du point de vue de la construction des arbres, NELSON05 est un logiciel sans pr\u00e9c\u00e9dent, unique en son genre.<\/p>\n<p>Une nouvelle pr\u00e9sentation du codage en termes de repr\u00e9sentation hi\u00e9rarchique (li\u00e9e \u00e0 la 3ia) est propos\u00e9e (Cao et al. 2007). La repr\u00e9sentation hi\u00e9rarchique des hypoth\u00e8ses est appliqu\u00e9e \u00e0 l\u2019occasion d\u2019une \u00e9tude de cas (oiseaux odonpt\u00e9rygiformes) (Bourdon 2005).<\/p>\n","protected":false},"excerpt":{"rendered":"<p>Sous cette d\u00e9nomination sibylline, on trouve la recherche d\u2019un nouvel algorithme permettant de construire un cladogramme, diff\u00e9rent de l\u2019algorithme de parcimonie. Cette recherche initi\u00e9e dans les ann\u00e9es 1970 par le syst\u00e9maticien am\u00e9ricain G. Nelson butait sur la difficult\u00e9 de concevoir et de mettre en application un algorithme permettant de \u00absuperposer\u00bb des hypoth\u00e8ses de parent\u00e9 par [&hellip;]<\/p>\n","protected":false},"author":1,"featured_media":0,"parent":9,"menu_order":1,"comment_status":"closed","ping_status":"closed","template":"","meta":{"footnotes":""},"class_list":["post-6","page","type-page","status-publish","hentry"],"blocksy_meta":{"styles_descriptor":{"styles":{"desktop":"","tablet":"","mobile":""},"google_fonts":[],"version":6}},"_links":{"self":[{"href":"http:\/\/infosyslab.fr\/index.php\/wp-json\/wp\/v2\/pages\/6","targetHints":{"allow":["GET"]}}],"collection":[{"href":"http:\/\/infosyslab.fr\/index.php\/wp-json\/wp\/v2\/pages"}],"about":[{"href":"http:\/\/infosyslab.fr\/index.php\/wp-json\/wp\/v2\/types\/page"}],"author":[{"embeddable":true,"href":"http:\/\/infosyslab.fr\/index.php\/wp-json\/wp\/v2\/users\/1"}],"replies":[{"embeddable":true,"href":"http:\/\/infosyslab.fr\/index.php\/wp-json\/wp\/v2\/comments?post=6"}],"version-history":[{"count":1,"href":"http:\/\/infosyslab.fr\/index.php\/wp-json\/wp\/v2\/pages\/6\/revisions"}],"predecessor-version":[{"id":501,"href":"http:\/\/infosyslab.fr\/index.php\/wp-json\/wp\/v2\/pages\/6\/revisions\/501"}],"up":[{"embeddable":true,"href":"http:\/\/infosyslab.fr\/index.php\/wp-json\/wp\/v2\/pages\/9"}],"wp:attachment":[{"href":"http:\/\/infosyslab.fr\/index.php\/wp-json\/wp\/v2\/media?parent=6"}],"curies":[{"name":"wp","href":"https:\/\/api.w.org\/{rel}","templated":true}]}}