{"id":60,"date":"2012-06-25T15:19:35","date_gmt":"2012-06-25T13:19:35","guid":{"rendered":"http:\/\/localhost\/infosyslab-wp\/index.php\/enseignement\/"},"modified":"2023-02-22T10:11:03","modified_gmt":"2023-02-22T09:11:03","slug":"enseignement","status":"publish","type":"page","link":"http:\/\/infosyslab.fr\/index.php\/enseignement\/","title":{"rendered":"Enseignement"},"content":{"rendered":"<p><span class=\"enseignement\"><strong>Enseignement<\/strong><\/span><\/p>\n<p>Le laboratoire est tr\u00e8s largement impliqu\u00e9 dans les enseignements et ce, \u00e0 chaque \u00e9tape du parcours universitaire scientifique:<\/p>\n<ol>\n<li>Licence de Sciences de la Vie:<\/li>\n<ul>\n<li>Introduction \u00e0 la programmation pour biologiste<\/li>\n<li>Biologie animale<\/li>\n<\/ul>\n<li>Master en Sciences et Technologies:<\/li>\n<ul>\n<li><span class=\"enseignement\"><a href=\"http:\/\/lis-upmc.snv.jussieu.fr\/sep\/\">Syst\u00e9matique, Evolution, Pal\u00e9ontologie<\/a><\/span><\/li>\n<\/ul>\n<ul>\n<li>Biologie animale<\/li>\n<\/ul>\n<li>Doctorat:<\/li>\n<ul>\n<li>Encadrement de nombreux \u00e9tudiants<\/li>\n<\/ul>\n<\/ol>\n","protected":false},"excerpt":{"rendered":"<p>Enseignement Le laboratoire est tr\u00e8s largement impliqu\u00e9 dans les enseignements et ce, \u00e0 chaque \u00e9tape du parcours universitaire scientifique: Licence de Sciences de la Vie: Introduction \u00e0 la programmation pour biologiste Biologie animale Master en Sciences et Technologies: Syst\u00e9matique, Evolution, Pal\u00e9ontologie Biologie animale Doctorat: Encadrement de nombreux \u00e9tudiants<\/p>\n","protected":false},"author":1,"featured_media":0,"parent":0,"menu_order":0,"comment_status":"closed","ping_status":"closed","template":"","meta":{"footnotes":""},"class_list":["post-60","page","type-page","status-publish","hentry"],"blocksy_meta":{"styles_descriptor":{"styles":{"desktop":"","tablet":"","mobile":""},"google_fonts":[],"version":6}},"_links":{"self":[{"href":"http:\/\/infosyslab.fr\/index.php\/wp-json\/wp\/v2\/pages\/60","targetHints":{"allow":["GET"]}}],"collection":[{"href":"http:\/\/infosyslab.fr\/index.php\/wp-json\/wp\/v2\/pages"}],"about":[{"href":"http:\/\/infosyslab.fr\/index.php\/wp-json\/wp\/v2\/types\/page"}],"author":[{"embeddable":true,"href":"http:\/\/infosyslab.fr\/index.php\/wp-json\/wp\/v2\/users\/1"}],"replies":[{"embeddable":true,"href":"http:\/\/infosyslab.fr\/index.php\/wp-json\/wp\/v2\/comments?post=60"}],"version-history":[{"count":1,"href":"http:\/\/infosyslab.fr\/index.php\/wp-json\/wp\/v2\/pages\/60\/revisions"}],"predecessor-version":[{"id":521,"href":"http:\/\/infosyslab.fr\/index.php\/wp-json\/wp\/v2\/pages\/60\/revisions\/521"}],"wp:attachment":[{"href":"http:\/\/infosyslab.fr\/index.php\/wp-json\/wp\/v2\/media?parent=60"}],"curies":[{"name":"wp","href":"https:\/\/api.w.org\/{rel}","templated":true}]}}