{"id":619,"date":"2023-06-21T17:20:31","date_gmt":"2023-06-21T15:20:31","guid":{"rendered":"https:\/\/infosyslab.fr\/?page_id=619"},"modified":"2023-06-21T17:20:31","modified_gmt":"2023-06-21T15:20:31","slug":"lognom","status":"publish","type":"page","link":"http:\/\/infosyslab.fr\/index.php\/ressources\/logiciels\/lognom\/","title":{"rendered":"Lognom"},"content":{"rendered":"\n<p>Lognom subit ses derniers tests avant sa mise en ligne prochaine. Merci pour votre patience.\u00a0<\/p>\n\n\n\n<p>Lognom (pour LOGiciel de NOMenclature) est une application web gratuite visant \u00e0 faciliter la prise de d\u00e9cision en mati\u00e8re de nomenclature zoologique. Elle ne repose pas sur une base de donn\u00e9es pr\u00e9existante, mais fournit une r\u00e9ponse en fonction des donn\u00e9es saisies par l&rsquo;utilisateur, \u00e0 la mani\u00e8re d&rsquo;une calculatrice. Ce logiciel permet de d\u00e9terminer si un nom ou un travail est disponible, si les r\u00e8gles orthographiques ont \u00e9t\u00e9 correctement appliqu\u00e9es et si toutes les r\u00e8gles ont \u00e9t\u00e9 respect\u00e9es avant la publication d&rsquo;un nouveau nom ou d&rsquo;un nouveau travail. Lognom permet \u00e9galement d&rsquo;obtenir le nom valide entre plusieurs noms candidats entr\u00e9s par l&rsquo;utilisateur, la liste des synonymes et la raison de leur invalidit\u00e9. Le logiciel comprend \u00e9galement des outils permettant de r\u00e9pondre \u00e0 diverses questions de nomenclature, telles que d\u00e9terminer si deux noms sp\u00e9cifiques diff\u00e9rents ayant la m\u00eame d\u00e9rivation et la m\u00eame signification doivent \u00eatre trait\u00e9s comme des homonymes, si un nom doit \u00eatre trait\u00e9 comme un&nbsp;<em>nomen oblitum<\/em>&nbsp;en vertu de l&rsquo;article 23.9. et un dernier outil permettant de d\u00e9terminer le genre grammatical d&rsquo;un nom de niveau genre.<\/p>\n\n\n\n<p>Lognom comprend la plupart des r\u00e8gles relatives \u00e0 la disponibilit\u00e9 et \u00e0 la validit\u00e9, \u00e0 l&rsquo;exception de quelques-unes qui n\u00e9cessitent une interpr\u00e9tation humaine, g\u00e9n\u00e9ralement en rapport avec la grammaire latine. \u00c0 ce stade de son d\u00e9veloppement, la gestion de l&rsquo;homonymie, des orthographes multiples et des erreurs d&rsquo;identifications ne sont pas compl\u00e8tement incluses dans la webapp, pas plus que les r\u00e8gles li\u00e9es \u00e0 la gestion des sp\u00e9cimens types (par exemple la lectotypification et n\u00e9otypification), en dehors de leur utilisation pour d\u00e9terminer la disponibilit\u00e9 d&rsquo;un nom. L&rsquo;inclusion des r\u00e8gles manquantes et l&rsquo;ajout d&rsquo;am\u00e9lioration ergonomiques se feront au fur et \u00e0 mesure du d\u00e9veloppement du logiciel.<\/p>\n","protected":false},"excerpt":{"rendered":"<p>Lognom subit ses derniers tests avant sa mise en ligne prochaine. Merci pour votre patience.\u00a0 Lognom (pour LOGiciel de NOMenclature) est une application web gratuite visant \u00e0 faciliter la prise de d\u00e9cision en mati\u00e8re de nomenclature zoologique. Elle ne repose pas sur une base de donn\u00e9es pr\u00e9existante, mais fournit une r\u00e9ponse en fonction des donn\u00e9es [&hellip;]<\/p>\n","protected":false},"author":3,"featured_media":0,"parent":9,"menu_order":0,"comment_status":"closed","ping_status":"closed","template":"","meta":{"footnotes":""},"class_list":["post-619","page","type-page","status-publish","hentry"],"blocksy_meta":{"styles_descriptor":{"styles":{"desktop":"","tablet":"","mobile":""},"google_fonts":[],"version":6}},"_links":{"self":[{"href":"http:\/\/infosyslab.fr\/index.php\/wp-json\/wp\/v2\/pages\/619","targetHints":{"allow":["GET"]}}],"collection":[{"href":"http:\/\/infosyslab.fr\/index.php\/wp-json\/wp\/v2\/pages"}],"about":[{"href":"http:\/\/infosyslab.fr\/index.php\/wp-json\/wp\/v2\/types\/page"}],"author":[{"embeddable":true,"href":"http:\/\/infosyslab.fr\/index.php\/wp-json\/wp\/v2\/users\/3"}],"replies":[{"embeddable":true,"href":"http:\/\/infosyslab.fr\/index.php\/wp-json\/wp\/v2\/comments?post=619"}],"version-history":[{"count":1,"href":"http:\/\/infosyslab.fr\/index.php\/wp-json\/wp\/v2\/pages\/619\/revisions"}],"predecessor-version":[{"id":620,"href":"http:\/\/infosyslab.fr\/index.php\/wp-json\/wp\/v2\/pages\/619\/revisions\/620"}],"up":[{"embeddable":true,"href":"http:\/\/infosyslab.fr\/index.php\/wp-json\/wp\/v2\/pages\/9"}],"wp:attachment":[{"href":"http:\/\/infosyslab.fr\/index.php\/wp-json\/wp\/v2\/media?parent=619"}],"curies":[{"name":"wp","href":"https:\/\/api.w.org\/{rel}","templated":true}]}}