{"id":78,"date":"2012-06-25T15:19:35","date_gmt":"2012-06-25T13:19:35","guid":{"rendered":"http:\/\/localhost\/infosyslab-wp\/index.php\/methodologie\/"},"modified":"2023-02-22T10:14:49","modified_gmt":"2023-02-22T09:14:49","slug":"methodologie","status":"publish","type":"page","link":"http:\/\/infosyslab.fr\/index.php\/themes\/methodologie\/","title":{"rendered":"Recherche m\u00e9thodologique en Syst\u00e9matique"},"content":{"rendered":"<p>Nous menons une recherche m\u00e9thodologique en classification sensu lato (classification phylog\u00e9n\u00e9tique, discrimination, identification) ayant abouti \u00e0 la r\u00e9alisation et \u00e0 la distribution de logiciels originaux (2 d\u00e9p\u00f4ts logiciels : Nelson05 pour l\u2019analyse \u00e0 trois \u00e9l\u00e9ments (3ia) et Xper2 pour la repr\u00e9sentation des descriptions taxonomiques et l\u2019identification).<\/p>\n<p>Gr\u00e2ce \u00e0 ces logiciels, de nouvelles propositions m\u00e9thodologiques peuvent \u00eatre mises en \u0153uvre, valid\u00e9es et utilis\u00e9es au sein et \u00e0 l\u2019ext\u00e9rieur de l\u2019UMR. Cette recherche rentre dans le domaine scientifique identifi\u00e9 actuellement sous le nouveau nom de \u00ab Biodiversity Informatics \u00bb.<\/p>\n<p>Ainsi, cette th\u00e9matique s&rsquo;articule autour de trois grands th\u00e8mes:<\/p>\n<ul>\n<li>La corroboration entre cladogramme et registre fossile dans la dimension stratigraphique:\n<p><a href=\"http:\/\/localhost\/infosyslab-wp\/index.php\/corroboration\/\" class=\"annotation\">   en savoir plus&#8230;<\/a><\/p>\n<p>Qu&rsquo;est-ce que la paralogie temporelle?<\/p>\n<p><a href=\"http:\/\/localhost\/infosyslab-wp\/index.php\/corroboration\/\" class=\"annotation\">   en savoir plus&#8230;<\/a><\/li>\n<li>La structure des cladogrammes:<br \/>\nComment traiter les <a href=\"http:\/\/localhost\/infosyslab-wp\/index.php\/cladogramme\/\">homoplasies<\/a>?<\/p>\n<p>Comment traiter les <a href=\"http:\/\/localhost\/infosyslab-wp\/index.php\/donnees\/\">donn\u00e9es manquantes<\/a>?<\/li>\n<li>L&rsquo;analyse \u00e0 trois taxons (3ia):\n<p><a href=\"http:\/\/localhost\/infosyslab-wp\/index.php\/3ia\/\" class=\"annotation\">   en savoir plus&#8230;<\/a><\/li>\n<\/ul>\n","protected":false},"excerpt":{"rendered":"<p>Nous menons une recherche m\u00e9thodologique en classification sensu lato (classification phylog\u00e9n\u00e9tique, discrimination, identification) ayant abouti \u00e0 la r\u00e9alisation et \u00e0 la distribution de logiciels originaux (2 d\u00e9p\u00f4ts logiciels : Nelson05 pour l\u2019analyse \u00e0 trois \u00e9l\u00e9ments (3ia) et Xper2 pour la repr\u00e9sentation des descriptions taxonomiques et l\u2019identification). Gr\u00e2ce \u00e0 ces logiciels, de nouvelles propositions m\u00e9thodologiques peuvent [&hellip;]<\/p>\n","protected":false},"author":1,"featured_media":0,"parent":59,"menu_order":1,"comment_status":"closed","ping_status":"closed","template":"","meta":{"footnotes":""},"class_list":["post-78","page","type-page","status-publish","hentry"],"blocksy_meta":{"styles_descriptor":{"styles":{"desktop":"","tablet":"","mobile":""},"google_fonts":[],"version":6}},"_links":{"self":[{"href":"http:\/\/infosyslab.fr\/index.php\/wp-json\/wp\/v2\/pages\/78","targetHints":{"allow":["GET"]}}],"collection":[{"href":"http:\/\/infosyslab.fr\/index.php\/wp-json\/wp\/v2\/pages"}],"about":[{"href":"http:\/\/infosyslab.fr\/index.php\/wp-json\/wp\/v2\/types\/page"}],"author":[{"embeddable":true,"href":"http:\/\/infosyslab.fr\/index.php\/wp-json\/wp\/v2\/users\/1"}],"replies":[{"embeddable":true,"href":"http:\/\/infosyslab.fr\/index.php\/wp-json\/wp\/v2\/comments?post=78"}],"version-history":[{"count":2,"href":"http:\/\/infosyslab.fr\/index.php\/wp-json\/wp\/v2\/pages\/78\/revisions"}],"predecessor-version":[{"id":523,"href":"http:\/\/infosyslab.fr\/index.php\/wp-json\/wp\/v2\/pages\/78\/revisions\/523"}],"up":[{"embeddable":true,"href":"http:\/\/infosyslab.fr\/index.php\/wp-json\/wp\/v2\/pages\/59"}],"wp:attachment":[{"href":"http:\/\/infosyslab.fr\/index.php\/wp-json\/wp\/v2\/media?parent=78"}],"curies":[{"name":"wp","href":"https:\/\/api.w.org\/{rel}","templated":true}]}}