{"id":100,"date":"2012-06-25T15:19:35","date_gmt":"2012-06-25T13:19:35","guid":{"rendered":"http:\/\/localhost\/infosyslab-wp\/index.php\/raccourcis\/"},"modified":"2023-02-22T11:26:54","modified_gmt":"2023-02-22T10:26:54","slug":"raccourcis","status":"publish","type":"page","link":"https:\/\/infosyslab.fr\/index.php\/ressources\/logiciels\/xper2\/raccourcis\/","title":{"rendered":"Xper2 &#8211; Raccourcis clavier"},"content":{"rendered":"<p><!--?php\nrequire 'tools\/scripts\/displayblock.php';\n$block = module_invoke('block', 'block_view', 25);\nprint $block['content'];\n?--><\/p>\n<hr class=\"xper2\">\n<div class=\"xper2\">\n<h3>G\u00e9n\u00e9ral:<\/h3>\n<ul>\n<li>Ctrl+N : Cr\u00e9ation d&rsquo;une nouvelle base<\/li>\n<li>Ctrl+O : Ouverture d&rsquo;une base existante<\/li>\n<li>Ctrl+S : Sauvegarde la base courante<\/li>\n<li>Ctrl+Maj+S : Sauvegarde la base courante \u00e0 l&#8217;emplacement sp\u00e9cifi\u00e9<\/li>\n<li>Ctrl+Maj+Z : Permet de zipper la base courante \u00e0 l&#8217;emplacement sp\u00e9cifi\u00e9<\/li>\n<li>Ctrl+W : Ferme la base courante<\/li>\n<li>Ctrl+Q : Ferme le logiciel Xper\u00b2<\/li>\n<li>Ctrl+P : Ouvre les propri\u00e9t\u00e9s de la base<\/li>\n<li>Ctrl+Maj+C : Contr\u00f4le de la base<\/li>\n<li>Ctrl+Maj+G : Mise \u00e0 jour des vignettes<\/li>\n<li>Ctrl+Maj+D : Bascule l&rsquo;interface en mode \u00ab Edition par caract\u00e8res \u00bb<\/li>\n<li>Ctrl+Maj+T : Bascule l&rsquo;interface en mode \u00ab Edition par taxons \u00bb<\/li>\n<li>Ctrl+Maj+I : Bascule l&rsquo;interface en mode \u00ab Identification \u00bb<\/li>\n<li>Fl\u00e8ches directionnelles : Permet de se d\u00e9placer dans les listes<\/li>\n<\/ul>\n<h3>Edition par caract\u00e8res:<\/h3>\n<ul>\n<li>Fen\u00eatre \u00ab Caract\u00e8res \u00bb :\n<ul>\n<li>+ : Ajoute un nouveau caract\u00e8re<\/li>\n<li>&#8211; ou Suppr : Supprime le ou les caract\u00e8res s\u00e9lectionnn\u00e9s<\/li>\n<li>F2 : Renomme le caract\u00e8re s\u00e9lectionn\u00e9<\/li>\n<li>Ctrl maintenue enfonc\u00e9e : Effectue une s\u00e9lection un \u00e0 un des caract\u00e8res (s\u00e9lection par clic gauche)<\/li>\n<li>Maj maintenue enfonc\u00e9e : Effectue une s\u00e9lection par lot des caract\u00e8res (s\u00e9lection par clic gauche)<\/li>\n<li>Ctrl+A : S\u00e9lectionne l&rsquo;ensemble des caract\u00e8res visibles<\/li>\n<li>Entr\u00e9e : Affiche ou cache les caract\u00e8res fils du caract\u00e8re p\u00e8re s\u00e9lectionn\u00e9<\/li>\n<li>Fl\u00e8che -&gt; : Permet d&rsquo;afficher les caract\u00e8res fils du caract\u00e8re s\u00e9lectionn\u00e9<\/li>\n<li>Fl\u00e8che &lt;- : Permet de cacher les caract\u00e8res fils du caract\u00e8re s\u00e9lectionn\u00e9<\/li>\n<\/ul>\n<\/li>\n<li>Fen\u00eatre \u00ab Groupes \u00bb :\n<ul>\n<li>+ : Ajoute un nouveau groupe<\/li>\n<li>&#8211; ou Suppr : Supprime le groupe s\u00e9lectionnn\u00e9<\/li>\n<li>F2 ou R ou Double-clic : Renomme le groupe s\u00e9lectionn\u00e9<\/li>\n<li>Ctrl maintenue enfonc\u00e9e : Effectue une s\u00e9lection un \u00e0 un des groupes (s\u00e9lection par clic gauche)<\/li>\n<li>Maj maintenue enfonc\u00e9e : Effectue une s\u00e9lection par lot des groupes (s\u00e9lection par clic gauche)<\/li>\n<li>Ctrl+A : S\u00e9lectionne l&rsquo;ensemble des groupes<\/li>\n<\/ul>\n<\/li>\n<li>Fen\u00eatre \u00ab Etats \u00bb :\n<ul>\n<li>+ : Ajoute un nouvel \u00e9tat<\/li>\n<li>&#8211; ou Suppr : Supprime l&rsquo;\u00e9tat s\u00e9lectionnn\u00e9<\/li>\n<li>F2 ou R ou Double-clic : Renomme l&rsquo;\u00e9tat s\u00e9lectionn\u00e9<\/li>\n<li>Ctrl maintenue enfonc\u00e9e : Effectue une s\u00e9lection un \u00e0 un des \u00e9tats (s\u00e9lection par clic gauche)<\/li>\n<li>Maj maintenue enfonc\u00e9e : Effectue une s\u00e9lection par lot des \u00e9tats (s\u00e9lection par clic gauche)<\/li>\n<li>Ctrl+A : S\u00e9lectionne l&rsquo;ensemble des \u00e9tats<\/li>\n<\/ul>\n<\/li>\n<li>Fen\u00eatre \u00ab Etats d&rsquo;exception \u00bb :\n<ul>\n<li>Double-clic : S\u00e9lectionne\/D\u00e9selectionne l&rsquo;\u00e9tat d&rsquo;exception<\/li>\n<\/ul>\n<\/li>\n<\/ul>\n<h3>Edition par taxons:<\/h3>\n<ul>\n<li>Fen\u00eatre \u00ab Taxons \u00bb :\n<ul>\n<li>Double-clic : Renomme le taxon s\u00e9lectionn\u00e9<\/li>\n<li>Ctrl maintenue enfonc\u00e9e : Effectue une s\u00e9lection un \u00e0 un des taxons (s\u00e9lection par clic gauche)<\/li>\n<li>Maj maintenue enfonc\u00e9e : Effectue une s\u00e9lection par lot des taxons (s\u00e9lection par clic gauche)<\/li>\n<li>Ctrl+A : S\u00e9lectionne l&rsquo;ensemble des taxons<\/li>\n<\/ul>\n<\/li>\n<li>Onglets \u00ab Informations \u00bb :\n<ul>\n<li>Ctrl+A : S\u00e9lectionne tout le texte<\/li>\n<li>Ctrl+C : Copie dans le presse-papiers le texte s\u00e9lectionn\u00e9<\/li>\n<\/ul>\n<\/li>\n<li>Onglet \u00ab Remarques \u00bb et \u00ab Editeur des d\u00e9finitions \u00bb :\n<ul>\n<li>Ctrl+A : S\u00e9lectionne tout le texte<\/li>\n<li>Ctrl+C : Copie dans le presse-papiers le texte s\u00e9lectionn\u00e9<\/li>\n<li>Ctrl+V : Colle le contenu du presse-papiers<\/li>\n<li>Ctrl+X : Coupe le texte s\u00e9lectionn\u00e9 et le place dans le presse-papiers<\/li>\n<\/ul>\n<\/li>\n<\/ul>\n<h3>Identification:<\/h3>\n<ul>\n<li>Fen\u00eatre \u00ab Etats \u00bb :\n<ul>\n<li>Ctrl maintenue enfonc\u00e9e : Effectue une s\u00e9lection un \u00e0 un des \u00e9tats (s\u00e9lection par clic gauche)<\/li>\n<li>Maj maintenue enfonc\u00e9e : Effectue une s\u00e9lection par lot des \u00e9tats (s\u00e9lection par clic gauche)<\/li>\n<li>Ctrl+A : S\u00e9lectionne l&rsquo;ensemble des \u00e9tats<\/li>\n<\/ul>\n<\/li>\n<li>Fen\u00eatre \u00ab Groupes \u00bb :\n<ul>\n<li>Ctrl maintenue enfonc\u00e9e : Effectue une s\u00e9lection un \u00e0 un des groupes (s\u00e9lection par clic gauche)<\/li>\n<li>Maj maintenue enfonc\u00e9e : Effectue une s\u00e9lection par lot des groupes (s\u00e9lection par clic gauche)<\/li>\n<li>Ctrl+A : S\u00e9lectionne l&rsquo;ensemble des groupes<\/li>\n<\/ul>\n<\/li>\n<li>Fen\u00eatre \u00ab Taxons \u00bb :\n<ul>\n<li>Double-clic : Affiche la fiche d\u00e9taill\u00e9e du taxon<\/li>\n<\/ul>\n<\/li>\n<li>Onglets \u00ab Informations \u00bb :\n<ul>\n<li>Ctrl+A : S\u00e9lectionne tout le texte<\/li>\n<li>Ctrl+C : Copie dans le presse-papiers le texte s\u00e9lectionn\u00e9<\/li>\n<\/ul>\n<\/li>\n<\/ul>\n<p class=\"top\"><a href=\"#\">^Haut de page^<\/a><\/p>\n<\/div>\n","protected":false},"excerpt":{"rendered":"<p>G\u00e9n\u00e9ral: Ctrl+N : Cr\u00e9ation d&rsquo;une nouvelle base Ctrl+O : Ouverture d&rsquo;une base existante Ctrl+S : Sauvegarde la base courante Ctrl+Maj+S : Sauvegarde la base courante \u00e0 l&#8217;emplacement sp\u00e9cifi\u00e9 Ctrl+Maj+Z : Permet de zipper la base courante \u00e0 l&#8217;emplacement sp\u00e9cifi\u00e9 Ctrl+W : Ferme la base courante Ctrl+Q : Ferme le logiciel Xper\u00b2 Ctrl+P : Ouvre les [&hellip;]<\/p>\n","protected":false},"author":1,"featured_media":0,"parent":18,"menu_order":3,"comment_status":"closed","ping_status":"closed","template":"","meta":{"footnotes":""},"class_list":["post-100","page","type-page","status-publish","hentry"],"blocksy_meta":{"styles_descriptor":{"styles":{"desktop":"","tablet":"","mobile":""},"google_fonts":[],"version":6}},"_links":{"self":[{"href":"https:\/\/infosyslab.fr\/index.php\/wp-json\/wp\/v2\/pages\/100","targetHints":{"allow":["GET"]}}],"collection":[{"href":"https:\/\/infosyslab.fr\/index.php\/wp-json\/wp\/v2\/pages"}],"about":[{"href":"https:\/\/infosyslab.fr\/index.php\/wp-json\/wp\/v2\/types\/page"}],"author":[{"embeddable":true,"href":"https:\/\/infosyslab.fr\/index.php\/wp-json\/wp\/v2\/users\/1"}],"replies":[{"embeddable":true,"href":"https:\/\/infosyslab.fr\/index.php\/wp-json\/wp\/v2\/comments?post=100"}],"version-history":[{"count":1,"href":"https:\/\/infosyslab.fr\/index.php\/wp-json\/wp\/v2\/pages\/100\/revisions"}],"predecessor-version":[{"id":566,"href":"https:\/\/infosyslab.fr\/index.php\/wp-json\/wp\/v2\/pages\/100\/revisions\/566"}],"up":[{"embeddable":true,"href":"https:\/\/infosyslab.fr\/index.php\/wp-json\/wp\/v2\/pages\/18"}],"wp:attachment":[{"href":"https:\/\/infosyslab.fr\/index.php\/wp-json\/wp\/v2\/media?parent=100"}],"curies":[{"name":"wp","href":"https:\/\/api.w.org\/{rel}","templated":true}]}}