{"id":107,"date":"2012-06-25T15:19:35","date_gmt":"2012-06-25T13:19:35","guid":{"rendered":"http:\/\/localhost\/infosyslab-wp\/index.php\/corroboration\/"},"modified":"2023-02-22T11:49:45","modified_gmt":"2023-02-22T10:49:45","slug":"corroboration","status":"publish","type":"page","link":"https:\/\/infosyslab.fr\/index.php\/themes\/methodologie\/corroboration\/","title":{"rendered":"Corroboration entre cladogrammes et registre fossile"},"content":{"rendered":"<p>La r\u00e9flexion sur la relation entre l\u2019arbre phylog\u00e9n\u00e9tique (le cladogramme) et la stratigraphie a donn\u00e9 lieu \u00e0 la reconnaissance du concept de \u00ab paralogie temporelle \u00bb qui explique pourquoi tous les indices de corr\u00e9lation existant actuellement donnent des r\u00e9sultats non satisfaisants sur le plan de la statistique (Zaragueta et al. 2004, 2006 ; Zaragueta &amp; Bourdon 2006).<br><\/p>\n<p>De ce constat est issu un nouveau calcul de corr\u00e9lation arbre\/stratigraphie. Ce nouvel indice est appel\u00e9 HIFI (Zaragueta et al. 2006) et le logiciel associ\u00e9 est accessible en ligne:  <a href=\"http:\/\/lis.snv.jussieu.fr\/apps\/hifi\/\">Hifi<\/a>.<br><\/p>\n<p>Le HIFI a \u00e9t\u00e9 pr\u00e9sent\u00e9 au 2e congr\u00e8s de pal\u00e9ontologie (2nd IPC) \u00e0 Beijing, Chine ( juin<br>\n2006) et lors des journ\u00e9es SCT \u00e0 Dijon (en novembre 2006).<\/p>\n\n\n<p><\/p>\n","protected":false},"excerpt":{"rendered":"<p>La r\u00e9flexion sur la relation entre l\u2019arbre phylog\u00e9n\u00e9tique (le cladogramme) et la stratigraphie a donn\u00e9 lieu \u00e0 la reconnaissance du concept de \u00ab paralogie temporelle \u00bb qui explique pourquoi tous les indices de corr\u00e9lation existant actuellement donnent des r\u00e9sultats non satisfaisants sur le plan de la statistique (Zaragueta et al. 2004, 2006 ; Zaragueta &amp; [&hellip;]<\/p>\n","protected":false},"author":1,"featured_media":0,"parent":78,"menu_order":2,"comment_status":"closed","ping_status":"closed","template":"","meta":{"footnotes":""},"class_list":["post-107","page","type-page","status-publish","hentry"],"blocksy_meta":{"styles_descriptor":{"styles":{"desktop":"","tablet":"","mobile":""},"google_fonts":[],"version":6}},"_links":{"self":[{"href":"https:\/\/infosyslab.fr\/index.php\/wp-json\/wp\/v2\/pages\/107","targetHints":{"allow":["GET"]}}],"collection":[{"href":"https:\/\/infosyslab.fr\/index.php\/wp-json\/wp\/v2\/pages"}],"about":[{"href":"https:\/\/infosyslab.fr\/index.php\/wp-json\/wp\/v2\/types\/page"}],"author":[{"embeddable":true,"href":"https:\/\/infosyslab.fr\/index.php\/wp-json\/wp\/v2\/users\/1"}],"replies":[{"embeddable":true,"href":"https:\/\/infosyslab.fr\/index.php\/wp-json\/wp\/v2\/comments?post=107"}],"version-history":[{"count":2,"href":"https:\/\/infosyslab.fr\/index.php\/wp-json\/wp\/v2\/pages\/107\/revisions"}],"predecessor-version":[{"id":579,"href":"https:\/\/infosyslab.fr\/index.php\/wp-json\/wp\/v2\/pages\/107\/revisions\/579"}],"up":[{"embeddable":true,"href":"https:\/\/infosyslab.fr\/index.php\/wp-json\/wp\/v2\/pages\/78"}],"wp:attachment":[{"href":"https:\/\/infosyslab.fr\/index.php\/wp-json\/wp\/v2\/media?parent=107"}],"curies":[{"name":"wp","href":"https:\/\/api.w.org\/{rel}","templated":true}]}}