{"id":110,"date":"2013-11-29T15:41:10","date_gmt":"2013-11-29T14:41:10","guid":{"rendered":"http:\/\/localhost\/infosyslab-wp\/index.php\/xper3\/"},"modified":"2023-02-22T11:13:08","modified_gmt":"2023-02-22T10:13:08","slug":"xper3","status":"publish","type":"page","link":"https:\/\/infosyslab.fr\/index.php\/ressources\/logiciels\/xper3\/","title":{"rendered":"Xper3"},"content":{"rendered":"<div class=\"xper3\">\n<p><a href=\"http:\/\/www.xper3.fr\"><img decoding=\"async\" alt=\"Xper3\" src=\"http:\/\/xper3.com\/resources\/img\/home\/xper-logo.png\"><\/a><br \/>\n&nbsp;&nbsp;&nbsp;&nbsp;&nbsp;Xper3 est une plateforme web d\u00e9di\u00e9e \u00e0 l&rsquo;\u00e9dition collaborative de donn\u00e9es descriptives et \u00e0 l&rsquo;identification en ligne de specimens. Cette nouvelle plateforme permet aux utilisateurs de travailler simultan\u00e9ment \u00e0 distance sur la m\u00eame base de connaissances. Les utilisateurs peuvent \u00e9diter, analyser, partager leurs donn\u00e9es descriptives et identifier en ligne. De plus, cette plateforme permet \u00e0 plusieurs utilisateurs d&rsquo;\u00e9diter en toute s\u00e9curit\u00e9 les m\u00eames donn\u00e9es simultan\u00e9ment (<a href=\"https:\/\/infosyslab.fr\/lis\/ressources\/xper3\/doc\/Xper3Documentation.pdf\">documentation<\/a>).<\/p>\n<p><a href=\"https:\/\/wiki.xper3.fr\">Acc\u00e9der au Wiki xper<\/a><br \/>\n&nbsp;<\/p>\n<p><a href=\"http:\/\/www.xper3.fr\">Acc\u00e9der \u00e0 xper3.fr<\/a><br \/>\n&nbsp;<\/p>\n<\/div>\n<p>&nbsp;<\/p>\n","protected":false},"excerpt":{"rendered":"<p>&nbsp;&nbsp;&nbsp;&nbsp;&nbsp;Xper3 est une plateforme web d\u00e9di\u00e9e \u00e0 l&rsquo;\u00e9dition collaborative de donn\u00e9es descriptives et \u00e0 l&rsquo;identification en ligne de specimens. Cette nouvelle plateforme permet aux utilisateurs de travailler simultan\u00e9ment \u00e0 distance sur la m\u00eame base de connaissances. Les utilisateurs peuvent \u00e9diter, analyser, partager leurs donn\u00e9es descriptives et identifier en ligne. De plus, cette plateforme permet \u00e0 [&hellip;]<\/p>\n","protected":false},"author":1,"featured_media":0,"parent":9,"menu_order":2,"comment_status":"closed","ping_status":"closed","template":"","meta":{"footnotes":""},"class_list":["post-110","page","type-page","status-publish","hentry"],"blocksy_meta":{"styles_descriptor":{"styles":{"desktop":"","tablet":"","mobile":""},"google_fonts":[],"version":6}},"_links":{"self":[{"href":"https:\/\/infosyslab.fr\/index.php\/wp-json\/wp\/v2\/pages\/110","targetHints":{"allow":["GET"]}}],"collection":[{"href":"https:\/\/infosyslab.fr\/index.php\/wp-json\/wp\/v2\/pages"}],"about":[{"href":"https:\/\/infosyslab.fr\/index.php\/wp-json\/wp\/v2\/types\/page"}],"author":[{"embeddable":true,"href":"https:\/\/infosyslab.fr\/index.php\/wp-json\/wp\/v2\/users\/1"}],"replies":[{"embeddable":true,"href":"https:\/\/infosyslab.fr\/index.php\/wp-json\/wp\/v2\/comments?post=110"}],"version-history":[{"count":1,"href":"https:\/\/infosyslab.fr\/index.php\/wp-json\/wp\/v2\/pages\/110\/revisions"}],"predecessor-version":[{"id":556,"href":"https:\/\/infosyslab.fr\/index.php\/wp-json\/wp\/v2\/pages\/110\/revisions\/556"}],"up":[{"embeddable":true,"href":"https:\/\/infosyslab.fr\/index.php\/wp-json\/wp\/v2\/pages\/9"}],"wp:attachment":[{"href":"https:\/\/infosyslab.fr\/index.php\/wp-json\/wp\/v2\/media?parent=110"}],"curies":[{"name":"wp","href":"https:\/\/api.w.org\/{rel}","templated":true}]}}