{"id":118,"date":"2019-03-01T15:57:40","date_gmt":"2019-03-01T14:57:40","guid":{"rendered":"http:\/\/localhost\/infosyslab-wp\/index.php\/mathilde-delaunay-2\/"},"modified":"2023-12-08T10:01:12","modified_gmt":"2023-12-08T09:01:12","slug":"mathilde-delaunay-2","status":"publish","type":"page","link":"https:\/\/infosyslab.fr\/index.php\/equipe\/stagiaires\/mathilde-delaunay-2\/","title":{"rendered":"Mathilde Delaunay"},"content":{"rendered":"<p>Th\u00e8se en cours sur l\u2019identification de l\u2019entomofaune : Construction, \u00e9valuation et am\u00e9lioration de cl\u00e9s d\u2019identification num\u00e9riques. Cette th\u00e8se est financ\u00e9e par la R\u00e9gion Ile-de-France et co-encadr\u00e9e par Romain Nattier et R\u00e9gine Vignes Lebbe.<\/p>\n<p>Cl\u00e9s num\u00e9riques en ligne accessibles par les liens suivants :<\/p>\n<ul>\n<li>\n\t\tLarves d&rsquo;Odonates d&rsquo;Ile-de-France (<a href=\"http:\/\/odonates-larves-idf.identificationkey.fr\">acc\u00e8s<\/a>)<\/li>\n<li>\n\t\tLarves d&rsquo;Eph\u00e9m\u00e8res d&rsquo;Ile-de-France (<a href=\"http:\/\/ephemeres-larves-idf.identificationkey.fr\">acc\u00e8s<\/a>)<\/li>\n<li>\n\t\tLarves de Pl\u00e9copt\u00e8res d&rsquo;Ile-de-France (<a href=\"http:\/\/plecopteres-larves-idf.identificationkey.fr\">acc\u00e8s<\/a>)<\/li>\n<li>\n\t\tImagos d&rsquo;Eph\u00e9m\u00e8res d&rsquo;Ile-de-France (<a href=\"http:\/\/ephemeres-imagos-idf.identificationkey.fr\">acc\u00e8s<\/a>)<\/li>\n<li>\n\t\tImagos de Pl\u00e9copt\u00e8res d&rsquo;Ile-de-France (<a href=\"http:\/\/plecopteres-imagos-idf.identificationkey.fr\">acc\u00e8s<\/a>)<\/li>\n<li>\n\t\tCol\u00e9opt\u00e8res aquatiques d&rsquo;Ile-de-France (<a href=\"http:\/\/coleopteres-aquatiques-idf.identificationkey.fr\">acc\u00e8s<\/a>)<\/li>\n<\/ul>\n<p>Publications :<\/p>\n<p>Jouveau S., Delaunay M. , Vignes-Lebbe R. &amp; Nattier R., 2018 \u2014 A multi-access identification key based on colour patterns in ladybirds (Coleoptera, Coccinellidae). <em>ZooKeys<\/em>. N\u00b0 758, p. 55-73. ISSN: 1313-2989.<br \/>\n<a href=\"http:\/\/french-ladybird.identificationkey.fr\/mkey.html\">Acc\u00e8s \u00e0 la cl\u00e9 en ligne<\/a>.<\/p>\n","protected":false},"excerpt":{"rendered":"<p>Th\u00e8se en cours sur l\u2019identification de l\u2019entomofaune : Construction, \u00e9valuation et am\u00e9lioration de cl\u00e9s d\u2019identification num\u00e9riques. Cette th\u00e8se est financ\u00e9e par la R\u00e9gion Ile-de-France et co-encadr\u00e9e par Romain Nattier et R\u00e9gine Vignes Lebbe. Cl\u00e9s num\u00e9riques en ligne accessibles par les liens suivants : Larves d&rsquo;Odonates d&rsquo;Ile-de-France (acc\u00e8s) Larves d&rsquo;Eph\u00e9m\u00e8res d&rsquo;Ile-de-France (acc\u00e8s) Larves de Pl\u00e9copt\u00e8res d&rsquo;Ile-de-France [&hellip;]<\/p>\n","protected":false},"author":1,"featured_media":0,"parent":21,"menu_order":2,"comment_status":"closed","ping_status":"closed","template":"","meta":{"footnotes":""},"class_list":["post-118","page","type-page","status-publish","hentry"],"blocksy_meta":{"styles_descriptor":{"styles":{"desktop":"","tablet":"","mobile":""},"google_fonts":[],"version":6}},"_links":{"self":[{"href":"https:\/\/infosyslab.fr\/index.php\/wp-json\/wp\/v2\/pages\/118","targetHints":{"allow":["GET"]}}],"collection":[{"href":"https:\/\/infosyslab.fr\/index.php\/wp-json\/wp\/v2\/pages"}],"about":[{"href":"https:\/\/infosyslab.fr\/index.php\/wp-json\/wp\/v2\/types\/page"}],"author":[{"embeddable":true,"href":"https:\/\/infosyslab.fr\/index.php\/wp-json\/wp\/v2\/users\/1"}],"replies":[{"embeddable":true,"href":"https:\/\/infosyslab.fr\/index.php\/wp-json\/wp\/v2\/comments?post=118"}],"version-history":[{"count":1,"href":"https:\/\/infosyslab.fr\/index.php\/wp-json\/wp\/v2\/pages\/118\/revisions"}],"predecessor-version":[{"id":541,"href":"https:\/\/infosyslab.fr\/index.php\/wp-json\/wp\/v2\/pages\/118\/revisions\/541"}],"up":[{"embeddable":true,"href":"https:\/\/infosyslab.fr\/index.php\/wp-json\/wp\/v2\/pages\/21"}],"wp:attachment":[{"href":"https:\/\/infosyslab.fr\/index.php\/wp-json\/wp\/v2\/media?parent=118"}],"curies":[{"name":"wp","href":"https:\/\/api.w.org\/{rel}","templated":true}]}}