{"id":15,"date":"2012-06-25T15:19:35","date_gmt":"2012-06-25T13:19:35","guid":{"rendered":"http:\/\/localhost\/infosyslab-wp\/index.php\/reseau\/"},"modified":"2023-02-22T09:56:15","modified_gmt":"2023-02-22T08:56:15","slug":"reseau","status":"publish","type":"page","link":"https:\/\/infosyslab.fr\/index.php\/reseau\/","title":{"rendered":"R\u00e9seau"},"content":{"rendered":"<p><span class=\"reseau\"><strong>Collaborations en cours:<\/strong><\/span><\/p>\n<ul>\n<li>ANR TRASSE (Transmission des connaissances de la syst\u00e9matique vers l&rsquo;\u00e9cologie)<\/li>\n<p>Projet de recherche financ\u00e9 dans le cadre du Programme de Recherche Convergence \u00ab\u00a0Soci\u00e9t\u00e9 et environnement : savoir et enjeux\u00a0\u00bb.<br \/>\nCollaboration avec le programme de science participative SPIPOLL du MNHN, l&rsquo;UTC et l&rsquo;OPIE.<\/p>\n<li>Programme europ\u00e9en ViBRANT<\/li>\n<p>ViBRANT Virtual Biodiversity Research and Access Network for Taxonomy  (Environnement virtuel pour la recherche sur la Biodiversit\u00e9 et r\u00e9seau d\u2019acc\u00e8s pour la taxonomie), est un projet Insfrastructures (FP7).<br \/>\n<span class=\"reseau\"><a href=\"http:\/\/vbrant.eu\/\">En savoir plus&#8230;<\/a><a href=\"http:\/\/cordis.europa.eu\/result\/rcn\/150383_fr.html\">voir article<\/a><\/span><\/p>\n<li>Programme europ\u00e9en EDIT<\/li>\n<p>EDIT (EUROPEAN DISTRIBUTED INSTITUTE OF TAXONOMY) &#8211; WP5 Cybertaxonomy.<br \/>\n<span class=\"reseau\"><a href=\"http:\/\/wp5.e-taxonomy.eu\/\">En savoir plus&#8230;<\/a><\/span><\/p>\n<li>GBIF France<\/li>\n<p>Le noeud Fran\u00e7ais du GBIF (Global Biodiversity Information Facilities) est localis\u00e9 dans le laboratoire.<br \/>\n<span class=\"reseau\"><a href=\"http:\/\/www.gbif.fr\">En savoir plus&#8230;<\/a><\/span><\/p>\n<li> Projet Bambous d&rsquo;Indochine<\/li>\n<p>Participation au projet \u00ab\u00a0Les Bambous d\u2019Indochine. Utilisation de l\u2019informatique pour transmettre l\u2019expertise taxonomique et les connaissances vernaculaires\u00a0\u00bb coordonn\u00e9 par le Dr Diep thi My Hanh et financ\u00e9 par l&rsquo;action \u00ab Sud-Expert-Plantes \u00bb du MAE-FSP.<br \/>\n<span class=\"reseau\"><a href=\"http:\/\/www.sud-expert-plantes.ird.fr\/\">En savoir plus&#8230;<\/a><\/span><\/p>\n<li> Projet Xper-Botanica<\/li>\n<p>L&rsquo;objectif de ce projet est de d\u00e9velopper et de proposer une plateforme d&rsquo;identification en ligne de la flore fran\u00e7aise.<br \/>\nXper-Botanica a \u00e9t\u00e9 financ\u00e9 par le Minist\u00e8re de la Recherche &#8211; Contrat n\u00b004L370 &#8211;<br \/>\n<span class=\"reseau\"><a href=\"http:\/\/lis-upmc.snv.jussieu.fr\/xperbotanica\/\">En savoir plus&#8230;<\/a><\/span><\/p>\n<li> IKBS-XPER2<\/li>\n<p>Projet de collaboration entre le LIS et l&rsquo;IREMIA afin de connecter les syst\u00e8mes de gestion de connaissance et d&rsquo;identification des deux \u00e9quipes &#8211;<br \/>\n<span class=\"reseau\"><a href=\"http:\/\/coraux.univ-reunion.fr\/\">R\u00e9alisation commune sur l&rsquo;identification des coraux des Mascareignes&#8230;<\/a><\/span><\/p>\n<li>Programme europ\u00e9en KeytoNature<\/li>\n<p>Dans le cadre de notre activit\u00e9 au sein du programme EDIT, et en tant que laboratoire fournisseur d&rsquo;applications d&rsquo;identification, nous collaborons avec le programme europ\u00e9en KeytoNature d\u00e9di\u00e9 \u00e0 la mise \u00e0 disposition de cl\u00e9s d&rsquo;identification dans un cadre avant tout p\u00e9dagogique<br \/>\n<span class=\"reseau\"><a href=\"http:\/\/www.keytonature.eu\/wiki\/Main_Page\">En savoir plus&#8230;<\/a><\/span><\/ul>\n","protected":false},"excerpt":{"rendered":"<p>Collaborations en cours: ANR TRASSE (Transmission des connaissances de la syst\u00e9matique vers l&rsquo;\u00e9cologie) Projet de recherche financ\u00e9 dans le cadre du Programme de Recherche Convergence \u00ab\u00a0Soci\u00e9t\u00e9 et environnement : savoir et enjeux\u00a0\u00bb. Collaboration avec le programme de science participative SPIPOLL du MNHN, l&rsquo;UTC et l&rsquo;OPIE. Programme europ\u00e9en ViBRANT ViBRANT Virtual Biodiversity Research and Access Network [&hellip;]<\/p>\n","protected":false},"author":1,"featured_media":0,"parent":0,"menu_order":0,"comment_status":"closed","ping_status":"closed","template":"","meta":{"footnotes":""},"class_list":["post-15","page","type-page","status-publish","hentry"],"blocksy_meta":{"styles_descriptor":{"styles":{"desktop":"","tablet":"","mobile":""},"google_fonts":[],"version":6}},"_links":{"self":[{"href":"https:\/\/infosyslab.fr\/index.php\/wp-json\/wp\/v2\/pages\/15","targetHints":{"allow":["GET"]}}],"collection":[{"href":"https:\/\/infosyslab.fr\/index.php\/wp-json\/wp\/v2\/pages"}],"about":[{"href":"https:\/\/infosyslab.fr\/index.php\/wp-json\/wp\/v2\/types\/page"}],"author":[{"embeddable":true,"href":"https:\/\/infosyslab.fr\/index.php\/wp-json\/wp\/v2\/users\/1"}],"replies":[{"embeddable":true,"href":"https:\/\/infosyslab.fr\/index.php\/wp-json\/wp\/v2\/comments?post=15"}],"version-history":[{"count":1,"href":"https:\/\/infosyslab.fr\/index.php\/wp-json\/wp\/v2\/pages\/15\/revisions"}],"predecessor-version":[{"id":512,"href":"https:\/\/infosyslab.fr\/index.php\/wp-json\/wp\/v2\/pages\/15\/revisions\/512"}],"wp:attachment":[{"href":"https:\/\/infosyslab.fr\/index.php\/wp-json\/wp\/v2\/media?parent=15"}],"curies":[{"name":"wp","href":"https:\/\/api.w.org\/{rel}","templated":true}]}}