{"id":16,"date":"2012-06-25T15:19:35","date_gmt":"2012-06-25T13:19:35","guid":{"rendered":"http:\/\/localhost\/infosyslab-wp\/index.php\/equipe\/"},"modified":"2023-11-07T20:01:37","modified_gmt":"2023-11-07T19:01:37","slug":"equipe","status":"publish","type":"page","link":"https:\/\/infosyslab.fr\/index.php\/equipe\/","title":{"rendered":"\u00c9quipe"},"content":{"rendered":"<p><span class=\"equipe\"><strong>Qui sommes-nous?<\/strong><\/span><\/p>\n<p>Le LIS est une \u00e9quipe de l&rsquo;<span class=\"equipe\"><a href=\"http:\/\/isyeb.mnhn.fr\">UMR 7205<\/a><\/span> (<span class=\"equipe\"><a href=\"http:\/\/www.cnrs.fr\">CNRS<\/a><\/span>, <span class=\"equipe\"><a href=\"http:\/\/www.mnhn.fr\">MNHN<\/a><\/span>,<span class=\"equipe\"><a href=\"http:\/\/www.upmc.fr\"> UPMC<\/a><\/span>,<span class=\"equipe\"><a href=\"http:\/\/www.ephe.sorbonne.fr\"> EPHE<\/a><\/span>) Institut de Syst\u00e9matique, \u00c9volution et Biodiversit\u00e9 .<\/p>\n<p><span class=\"equipe\"><strong>Personnel du LIS<\/strong><\/span><\/p>\n<p>Permanents :<\/p>\n<ul>\n<li>Sylvain BOUQUIN (IE SU)<\/li>\n<li>Thierry BOURGOIN (Pr MNHN)<\/li>\n<li>Marc PIGNAL (IR MNHN)<\/li>\n<li>R\u00e9my PORTIER (IR CNRS, UMS BBEES)<\/li>\n<li>R\u00e9gine VIGNES LEBBE (Pr SU)<\/li>\n<li>Ren\u00e9 ZARAGUETA i BAGILS (MC SU)<\/li>\n<\/ul>\n<p>Contractuels :<\/p>\n<ul>\n<li>Nicolas BEKKOUCHE (ATER SU)<\/li>\n<li>Sylvain MORIN (ing\u00e9nieur informatique, <a href=\"http:\/\/www.gbif.fr\/page\/infos\/lequipe-du-gbif-france\">GBIF<\/a>)<\/li>\n<\/ul>\n<p>Doctorants (th\u00e8se en cours) :<\/p>\n<ul>\n<li>Maya Sahraoui (2020&#8230;), encadrants R. Vignes Lebbe (ISYEB) et Vincent Guigue (ISIR)<\/li>\n<li>Elie Saliba (2020-2023), encadrantes R. Vignes Lebbe (ISYEB) et Anne-Marie Ohler (ISYEB)<\/li>\n<li>Manon Bucher (2020&#8230;), encadrant T. Bourgoin (ISYEB)<\/li>\n<li>Maxime Le Cesne (2022&#8230;), encadrant T. Bourgoin (ISYEB)<\/li>\n<li>Dieu Nguyen Khac (2022&#8230;), encadrants My Hanh Diep Thi (Vietnam), Marc Pignal (ISYEB) et R\u00e9gine Vignes Lebbe (ISYEB)<\/li>\n<\/ul>\n<p>Doctorants (th\u00e8ses soutenues) :<\/p>\n<ul>\n<li>Mathilde DELAUNAY (PHD 2015-2019), encadrants R. Vignes Lebbe et Romain Nattier) \u00ab\u00a0Comment faciliter l\u2019identification de l\u2019entomofaune ? D\u00e9veloppement, tests et analyses de cl\u00e9s d\u2019identification num\u00e9riques.\u00a0\u00bb (<a href=\"https:\/\/tel.archives-ouvertes.fr\/tel-02868459\">HAL Id : tel-02868459, version 1<\/a>;<\/li>\n<li>Julien TROUDET (PHD 2017, co-direction R. Vignes Lebbe et Fr\u00e9d\u00e9ric Legendre) \u00ab\u00a0Gradients de diversit\u00e9 terrestre : le message de la syst\u00e9matique \u00e0 travers les bases de donn\u00e9es de biodiversit\u00e9 \u00a0\u00bb (<a href=\"https:\/\/tel.archives-ouvertes.fr\/tel-01901059\">HAL Id : tel-01901059, version 1<\/a>;<\/li>\n<li>Adeline KERNER (PHD 2013, Sous la direction de R\u00e9gine Vignes-Lebbe et de Philippe Janvier;<\/li>\n<li>Ana\u00efs GRAND (PHD 2013); sous la direction de R\u00e9gine Vignes-Lebbe et de Ren\u00e9 Zarag\u00fceta Bagils<\/li>\n<li>Visotheary RIVIERE UNG (PHD 2013); sous la direction de R\u00e9gine Vignes-Lebbe, Ren\u00e9 Zarag\u00fceta y Bagils et de David M. Williams<\/li>\n<li>St\u00e9phane PRIN (PHD 2012); Sous la direction de Thierry Bourgoin, Ren\u00e9 Zarag\u00fceta Bagils, R\u00e9gine Vignes Lebbe<\/li>\n<li>Bouziane Khalloufi (PHD 2010); Sous la direction de Herv\u00e9 Leli\u00e8vre et de Ren\u00e9 Zarag\u00fceta Bagils.<\/li>\n<li>Nathanael CAO (PHD 2008); Sous la direction de Herv\u00e9 Leli\u00e8vre et de Ren\u00e9 Zarag\u00fceta Bagils.<\/li>\n<li>Guillaume ROUSSE (PHD 2003); Sous la direction de R\u00e9gine Vignes-Lebbe et de No\u00ebl Conruyt. \u00ab\u00a0<span style=\"font-weight: 400;\">Vers une ontologie de la syst\u00e9matique : les objets-m\u00e9tiers du domaine.\u00a0\u00bb<\/span><\/li>\n<li>J\u00e9r\u00f4me BARBEAU (PHD 2003, sous la direction de T. Poynard, Paris V et R. Vignes Lebbe). \u00ab\u00a0<span style=\"font-weight: 400;\">Acquisition de nouveaux descripteurs \u00e0 partir d\u2019images.\u00a0\u00bb<\/span><\/li>\n<li>Robert BOSSY (PHD 2002); Sous la direction de R\u00e9gine Vignes-Lebbe. \u00ab\u00a0<span style=\"font-weight: 400;\">Edition coop\u00e9rative de bases de donn\u00e9es scientifiques.\u00a0\u00bb<\/span><\/li>\n<li>Laurent GUEGUEN (PHD 2000, sour la direction de Jacques Lebbe et R. Vignes Lebbe) \u00ab\u00a0<span style=\"font-weight: 400;\">Partitionnement maximalement pr\u00e9dictif sous contrainte d\u2019ordre total. Applications aux s\u00e9quences g\u00e9n\u00e9tiques.\u00a0\u00bb<\/span><\/li>\n<\/ul>\n<p>Stagiaires :<\/p>\n<ul>\n<li>Marie-Lou PORCHER (M2, 2021-2022)<\/li>\n<li>Godefroy GIGNOUX (M2, 2021-2022)<\/li>\n<li>Doriane CAZALS (M1, 2021-2022)<\/li>\n<li>Tancr\u00e8de BOURGEOIS (M1, 2021-2022)<\/li>\n<li>Elie SALIBA (M2, 2019-2020)<\/li>\n<li>Arthur BERNARD (M2, 2019-2020)<\/li>\n<li>Teddy GAIDDON (M1, 2018-2019) \u201cProposition d&rsquo;une typologie des caract\u00e9ristiques du vivant dans le contexte du biomim\u00e9tisme\u201d<\/li>\n<li>Roseline DUPUYAU (M2, ann\u00e9e 2018-2019) \u201c : Valorisation des descriptions taxonomiques informatis\u00e9es : exploitation des m\u00e9tadonn\u00e9es des bases Xper3\u201d<\/li>\n<li>Roseline DUPUYAU (M1, ann\u00e9e 2017-2018) \u201c Conception d\u2019un prototype de moteur de recherche pour Xper3\u201d ;<\/li>\n<li>Art\u00e9mis Korniliou (Master 2 SEP)<\/li>\n<li>Yue ZHU (stage 3eme ann\u00e9e Ecole Polytechnique, 2017) ;<\/li>\n<li>Florian PELLEN (M2, ann\u00e9e 2017-2018) \u201c Mod\u00e9lisation des descriptions taxonomiques dans un langage du web s\u00e9mantique : traduction automatique Xper-OWL\u201d ;<\/li>\n<li>Gaetan DELTOUR (M2, ann\u00e9e 2016-2017) ;<\/li>\n<li>Diane DABIR (M1, ann\u00e9e 2016-2017) \u201cEvolution des m\u00e9thodes phylog\u00e9n\u00e9tiques\u201d ;<\/li>\n<li>Am\u00e9lie PINEL (M1, ann\u00e9e 2016-2017) \u201cBilan et analyse des bases de connaissances xper3\u201d ;<\/li>\n<li>Fiora DOMINICI (Master 2 SEP, stage coencadr\u00e9 par N. Nebout, V. Lebreton et R. Vignes Lebbe)<\/li>\n<li>Cassandre EVEN (M1, ann\u00e9e 2015-2016) \u201ccl\u00e9 d&rsquo;identification des l\u00e9muriens de Madagascar\u201d ;<\/li>\n<li>Cindy LIM (M2 SEP 2014-2015) Co- encadrement avec S. Aragon (MC, SU). \u201cLa Bio-informatique au service de l&rsquo;enseignement universitaire : Informatisation et utilisation participative de la collection de zoologie de l&rsquo;UPMC\u201d ;<\/li>\n<li>Aur\u00e9lien MAIRE (Master 2 SEP, stage coencadr\u00e9 par Fr\u00e9d\u00e9rique Jiguet et R. Vignes Lebbe)<\/li>\n<li>Julien TROUDET (Master 2 SEP, stage coencadr\u00e9 par Olivier Gargominy du SPN et R. Vignes Lebbe)<\/li>\n<li>Kathleen JACQUEZ (Master 2 SEP, stage coencadr\u00e9 par Philippe Bearez et R. Vignes Lebbe)<\/li>\n<li>L\u00e9a BLED (Master 2 SEP, stage au sein de NatureParif, coencadr\u00e9 par M. Kayadjanian et R. Vignes Lebbe)<\/li>\n<li>Aur\u00e9lien MAIRE (Master 1 Bioinfo, P7, stage au sein du GBIF France, encadr\u00e9 par R. Vignes Lebbe)<\/li>\n<\/ul>\n<p>Anciens membres du LIS :<\/p>\n<ul>\n<li>Adrien SAINT SARDOS (postdoc, <a href=\"https:\/\/ceebios.com\/\">CEEBIOS<\/a>)<\/li>\n<li>Estelle BOURDON (CDD recherche)<\/li>\n<li>Fabienne AUDEBERT (MC SU)<\/li>\n<li>Santiago ARAGON (MC SU)<\/li>\n<li>Antoine BERGAMASCHI (IE, CDD)<\/li>\n<li>Thomas BURGUIERE (IE, CDD)<\/li>\n<li>Florian CAUSSE (IE UPMC)<\/li>\n<li>Fr\u00e9d\u00e9ric LISON (TCS RF UPMC)<\/li>\n<li>Nils PAULHE (IE, CDD)<\/li>\n<li>Gilles PETIT (MC UPMC)<\/li>\n<li>Visotheary RIVIERE UNG (IE CNRS)<\/li>\n<li>Vincent ROLLAND (CDD &#8211; d\u00e9veloppement Spipoll\/Mkey)<\/li>\n<li>Cyril GALLUT (MC P6)<\/li>\n<li>Guillaume SAUVENAY (IE P6)<\/li>\n<li>Antoine CHALUBERT (doctorant)<\/li>\n<li>Bernard LEPEN (IE P6)<\/li>\n<\/ul>\n","protected":false},"excerpt":{"rendered":"<p>Qui sommes-nous? Le LIS est une \u00e9quipe de l&rsquo;UMR 7205 (CNRS, MNHN, UPMC, EPHE) Institut de Syst\u00e9matique, \u00c9volution et Biodiversit\u00e9 . Personnel du LIS Permanents : Sylvain BOUQUIN (IE SU) Thierry BOURGOIN (Pr MNHN) Marc PIGNAL (IR MNHN) R\u00e9my PORTIER (IR CNRS, UMS BBEES) R\u00e9gine VIGNES LEBBE (Pr SU) Ren\u00e9 ZARAGUETA i BAGILS (MC SU) [&hellip;]<\/p>\n","protected":false},"author":1,"featured_media":0,"parent":0,"menu_order":0,"comment_status":"closed","ping_status":"closed","template":"","meta":{"footnotes":""},"class_list":["post-16","page","type-page","status-publish","hentry"],"blocksy_meta":{"styles_descriptor":{"styles":{"desktop":"","tablet":"","mobile":""},"google_fonts":[],"version":6}},"_links":{"self":[{"href":"https:\/\/infosyslab.fr\/index.php\/wp-json\/wp\/v2\/pages\/16","targetHints":{"allow":["GET"]}}],"collection":[{"href":"https:\/\/infosyslab.fr\/index.php\/wp-json\/wp\/v2\/pages"}],"about":[{"href":"https:\/\/infosyslab.fr\/index.php\/wp-json\/wp\/v2\/types\/page"}],"author":[{"embeddable":true,"href":"https:\/\/infosyslab.fr\/index.php\/wp-json\/wp\/v2\/users\/1"}],"replies":[{"embeddable":true,"href":"https:\/\/infosyslab.fr\/index.php\/wp-json\/wp\/v2\/comments?post=16"}],"version-history":[{"count":5,"href":"https:\/\/infosyslab.fr\/index.php\/wp-json\/wp\/v2\/pages\/16\/revisions"}],"predecessor-version":[{"id":630,"href":"https:\/\/infosyslab.fr\/index.php\/wp-json\/wp\/v2\/pages\/16\/revisions\/630"}],"wp:attachment":[{"href":"https:\/\/infosyslab.fr\/index.php\/wp-json\/wp\/v2\/media?parent=16"}],"curies":[{"name":"wp","href":"https:\/\/api.w.org\/{rel}","templated":true}]}}