{"id":190,"date":"2022-04-22T15:41:49","date_gmt":"2022-04-22T13:41:49","guid":{"rendered":"http:\/\/liswp.strauss2.infosyslab.fr\/?page_id=190"},"modified":"2023-11-07T20:03:39","modified_gmt":"2023-11-07T19:03:39","slug":"staff-2","status":"publish","type":"page","link":"https:\/\/infosyslab.fr\/index.php\/en\/staff-2\/","title":{"rendered":"Staff"},"content":{"rendered":"\n<p><strong>Who are we?<\/strong><\/p>\n\n\n\n<p>The LIS is a laboratory of the University Pierre et Marie Curie (Paris 6, France) and is also included in the <a href=\"http:\/\/isyeb.mnhn.fr\">UMR 7205<\/a> (<a href=\"http:\/\/www.cnrs.fr\">CNRS<\/a>, <a href=\"http:\/\/www.mnhn.fr\">MNHN<\/a>,<a href=\"http:\/\/www.upmc.fr\"> UPMC<\/a>,<a href=\"http:\/\/www.ephe.sorbonne.fr\"> EPHE<\/a>): Systematics, Evolution and Biodiversity Insitute.<\/p>\n\n\n\n<p><strong>Team<\/strong><\/p>\n\n\n\n<p>Permanents :<\/p>\n\n\n\n<ul class=\"wp-block-list\">\n<li>Thierry BOURGOIN (Pr MNHN);<\/li>\n\n\n\n<li>R\u00e9gine VIGNES LEBBE (Pr SU);<\/li>\n\n\n\n<li>Ren\u00e9 ZARAGUETA i BAGILS (MC SU);<\/li>\n\n\n\n<li>Marc PIGNAL (IR MNHN).<\/li>\n\n\n\n<li>Sylvain BOUQUIN (IE SU)<\/li>\n\n\n\n<li>R\u00e9my PORTIER (IR CNRS, UMS BBEES)<\/li>\n<\/ul>\n\n\n\n<p>Contractuels:<\/p>\n\n\n\n<ul class=\"wp-block-list\">\n<li>Nicolas BEKKOUCHE (ATER SU)<\/li>\n\n\n\n<li>Adrien SAINT SARDOS (postdoc, <a href=\"https:\/\/ceebios.com\/\">CEEBIOS<\/a>)<\/li>\n\n\n\n<li>Sylvain MORIN (ing\u00e9nieur informatique, <a href=\"http:\/\/www.gbif.fr\/page\/infos\/lequipe-du-gbif-france\">GBIF<\/a>).<\/li>\n<\/ul>\n\n\n\n<p>PHD Students:<\/p>\n\n\n\n<ul class=\"wp-block-list\">\n<li>Maya Sahraoui (2020&#8230;), encadrants R. Vignes Lebbe (ISYEB) et Vincent Guigue (LIP6)<\/li>\n\n\n\n<li>Elie Saliba (2020&#8230;), encadrantes R. Vignes Lebbe (ISYEB) et Anne-Marie Ohler (ISYEB)<\/li>\n\n\n\n<li>Manon Bucher(2020&#8230;), encadrant T. Bourgoin (ISYEB)<\/li>\n\n\n\n<li>Maxime Le Cesne (2022&#8230;), encadrant T. Bourgoin (ISYEB)<\/li>\n\n\n\n<li>Dieu Nguyen Khac (2022&#8230;), encadrants My Hanh Diep Thi (Vietnam), Marc Pignal (ISYEB) et R\u00e9gine Vignes Lebbe (ISYEB)<\/li>\n<\/ul>\n\n\n\n<p><\/p>\n\n\n\n<ul class=\"wp-block-list\">\n<li>Mathilde Delaunay (PHD 2015-2019), encadrants R. Vignes Lebbe et Romain Nattier) \u00ab\u00a0Comment faciliter l\u2019identification de l\u2019entomofaune ? D\u00e9veloppement, tests et analyses de cl\u00e9s d\u2019identification num\u00e9riques.\u00a0\u00bb (<a href=\"https:\/\/tel.archives-ouvertes.fr\/tel-02868459\">HAL Id : tel-02868459, version 1<\/a>;<\/li>\n\n\n\n<li>Julien TROUDET (PHD 2017, co-direction avec Fr\u00e9d\u00e9ric Legendre) \u00ab\u00a0Gradients de diversit\u00e9 terrestre : le message de la syst\u00e9matique \u00e0 travers les bases de donn\u00e9es de biodiversit\u00e9 \u00a0\u00bb (<a href=\"https:\/\/tel.archives-ouvertes.fr\/tel-01901059\">HAL Id : tel-01901059, version 1<\/a>;<\/li>\n\n\n\n<li>Adeline KERNER (PHD 2014)(<a href=\"http:\/\/www.theses.fr\/2013MNHN0004\">consulter<\/a>;<\/li>\n\n\n\n<li>Ana\u00efs GRAND (PHD 2014); sous la direction de R\u00e9gine Vignes-Lebbe et de Ren\u00e9 Zarag\u00fceta Bagils<\/li>\n\n\n\n<li>Visotheary RIVIERE UNG (PHD 2014); sous la direction de R\u00e9gine Vignes-Lebbe, Ren\u00e9 Zarag\u00fceta Bagils et de David M. Williams<\/li>\n\n\n\n<li>St\u00e9phane PRIN (PHD 2012); Sous la direction de Thierry Bourgoin, Ren\u00e9 Zarag\u00fceta Bagils, R\u00e9gine Vignes Lebbe<\/li>\n\n\n\n<li>Bouziane Khalloufi (PHD 2010); Sous la direction de Herv\u00e9 Leli\u00e8vre et de Ren\u00e9 Zarag\u00fceta Bagils.<\/li>\n\n\n\n<li>Nathanael CAO (PHD 2008); Sous la direction de Herv\u00e9 Leli\u00e8vre et de Ren\u00e9 Zarag\u00fceta Bagils.<\/li>\n\n\n\n<li>Guillaume ROUSSE (PHD 2003);<\/li>\n\n\n\n<li>Robert BOSSY (PHD 2002);<\/li>\n<\/ul>\n\n\n\n<p>Intern :<\/p>\n\n\n\n<ul class=\"wp-block-list\">\n<li>Elie SALIBA (M2, 2019-2020)<\/li>\n\n\n\n<li>Arthur BERNARD (M2, 2019-2020)<\/li>\n\n\n\n<li>Teddy GAIDDON(M1, 2018-2019) \u201cProposition d&rsquo;une typologie des caract\u00e9ristiques du vivant dans le contexte du biomim\u00e9tisme\u201d<\/li>\n\n\n\n<li>Roseline DUPUYAU (M2, ann\u00e9e 2018-2019) \u201c : Valorisation des descriptions taxonomiques informatis\u00e9es : exploitation des m\u00e9tadonn\u00e9es des bases Xper3\u201d<\/li>\n\n\n\n<li>Roseline DUPUYAU (M1, ann\u00e9e 2017-2018) \u201c Conception d\u2019un prototype de moteur de recherche pour Xper3\u201d ;<\/li>\n\n\n\n<li>Art\u00e9mis Korniliou (Master 2 SEP)<\/li>\n\n\n\n<li>Yue ZHU (stage 3eme ann\u00e9e Ecole Polytechnique, 2017) ;<\/li>\n\n\n\n<li>Florian PELLEN (M2, ann\u00e9e 2017-2018) \u201c Mod\u00e9lisation des descriptions taxonomiques dans un langage du web s\u00e9mantique : traduction automatique Xper-OWL\u201d ;<\/li>\n\n\n\n<li>Gaetan DELTOUR (M2, ann\u00e9e 2016-2017) ;<\/li>\n\n\n\n<li>Diane DABIR (M1, ann\u00e9e 2016-2017) \u201cEvolution des m\u00e9thodes phylog\u00e9n\u00e9tiques\u201d ;<\/li>\n\n\n\n<li>Am\u00e9lie PINEL (M1, ann\u00e9e 2016-2017) \u201cBilan et analyse des bases de connaissances xper3\u201d ;<\/li>\n\n\n\n<li>Fiora Dominici (Master 2 SEP, stage coencadr\u00e9 par N. Nebout, V. Lebreton et R. Vignes Lebbe)<\/li>\n\n\n\n<li>Cassandre EVEN (M1, ann\u00e9e 2015-2016) \u201ccl\u00e9 d&rsquo;identification des l\u00e9muriens de Madagascar\u201d ;<\/li>\n\n\n\n<li>Cindy LIM (M2 SEP 2014-2015) Co- encadrement avec S. Aragon (MC, SU). \u201cLa Bio-informatique au service de l&rsquo;enseignement universitaire : Informatisation et utilisation participative de la collection de zoologie de l&rsquo;UPMC\u201d ;<\/li>\n\n\n\n<li>Aur\u00e9lien Maire (Master 2 SEP, stage coencadr\u00e9 par Fr\u00e9d\u00e9rique Jiguet et R. Vignes Lebbe)<\/li>\n\n\n\n<li>Julien Troudet (Master 2 SEP, stage coencadr\u00e9 par Olivier Gargominy du SPN et R. Vignes Lebbe)<\/li>\n\n\n\n<li>Kathleen Jacquez (Master 2 SEP, stage coencadr\u00e9 par Philippe Bearez et R. Vignes Lebbe)<\/li>\n\n\n\n<li>L\u00e9a Bled (Master 2 SEP, stage au sein de NatureParif, coencadr\u00e9 par M. Kayadjanian et R. Vignes Lebbe)<\/li>\n\n\n\n<li>Aur\u00e9lien Maire (Master 1 Bioinfo, P7, stage au sein du GBIF France, encadr\u00e9 par R. Vignes Lebbe)<\/li>\n<\/ul>\n\n\n\n<p>Former staff :<\/p>\n\n\n\n<ul class=\"wp-block-list\">\n<li>Estelle BOURDON (CDD recherche);<\/li>\n\n\n\n<li>Fabienne AUDEBERT (MC SU);<\/li>\n\n\n\n<li>Santiago ARAGON (MC SU);<\/li>\n\n\n\n<li>Antoine BERGAMASCHI (IE, CDD) ;<\/li>\n\n\n\n<li>Thomas BURGUIERE (IE, CDD);<\/li>\n\n\n\n<li>Florian CAUSSE(IE UPMC)<\/li>\n\n\n\n<li>Fr\u00e9d\u00e9ric LISON (TCS RF UPMC)<\/li>\n\n\n\n<li>Nils PAULHE (IE, CDD);<\/li>\n\n\n\n<li>Gilles PETIT (MC P6);<\/li>\n\n\n\n<li>Visotheary RIVIERE UNG (IE CNRS)<\/li>\n\n\n\n<li>Vincent ROLLAND (CDD &#8211; d\u00e9veloppement Spipoll\/Mkey)<\/li>\n\n\n\n<li>Cyril GALLUT (MC P6);<\/li>\n\n\n\n<li>Guillaume SAUVENAY (IE P6);<\/li>\n\n\n\n<li>Bernard LEPEN (IE P6);<\/li>\n<\/ul>\n","protected":false},"excerpt":{"rendered":"<p>Who are we? The LIS is a laboratory of the University Pierre et Marie Curie (Paris 6, France) and is also included in the UMR 7205 (CNRS, MNHN, UPMC, EPHE): Systematics, Evolution and Biodiversity Insitute. Team Permanents : Contractuels: PHD Students: Intern : Former staff :<\/p>\n","protected":false},"author":1,"featured_media":0,"parent":0,"menu_order":0,"comment_status":"closed","ping_status":"closed","template":"","meta":{"footnotes":""},"class_list":["post-190","page","type-page","status-publish","hentry"],"blocksy_meta":{"styles_descriptor":{"styles":{"desktop":"","tablet":"","mobile":""},"google_fonts":[],"version":6}},"_links":{"self":[{"href":"https:\/\/infosyslab.fr\/index.php\/wp-json\/wp\/v2\/pages\/190","targetHints":{"allow":["GET"]}}],"collection":[{"href":"https:\/\/infosyslab.fr\/index.php\/wp-json\/wp\/v2\/pages"}],"about":[{"href":"https:\/\/infosyslab.fr\/index.php\/wp-json\/wp\/v2\/types\/page"}],"author":[{"embeddable":true,"href":"https:\/\/infosyslab.fr\/index.php\/wp-json\/wp\/v2\/users\/1"}],"replies":[{"embeddable":true,"href":"https:\/\/infosyslab.fr\/index.php\/wp-json\/wp\/v2\/comments?post=190"}],"version-history":[{"count":2,"href":"https:\/\/infosyslab.fr\/index.php\/wp-json\/wp\/v2\/pages\/190\/revisions"}],"predecessor-version":[{"id":632,"href":"https:\/\/infosyslab.fr\/index.php\/wp-json\/wp\/v2\/pages\/190\/revisions\/632"}],"wp:attachment":[{"href":"https:\/\/infosyslab.fr\/index.php\/wp-json\/wp\/v2\/media?parent=190"}],"curies":[{"name":"wp","href":"https:\/\/api.w.org\/{rel}","templated":true}]}}