{"id":21,"date":"2012-06-25T15:19:35","date_gmt":"2012-06-25T13:19:35","guid":{"rendered":"http:\/\/localhost\/infosyslab-wp\/index.php\/stagiaires\/"},"modified":"2023-02-22T09:54:05","modified_gmt":"2023-02-22T08:54:05","slug":"stagiaires","status":"publish","type":"page","link":"https:\/\/infosyslab.fr\/index.php\/equipe\/stagiaires\/","title":{"rendered":"Etudiants stagiaires"},"content":{"rendered":"<p>Le laboratoire accueille un certain nombre d&rsquo;\u00e9tudiants en stage.<\/p>\n<p>Stagiaires et doctorants LIS :<\/p>\n<ul>\n<li>Julien TROUDET (PHD 2017, co-direction avec Fr\u00e9d\u00e9ric Legendre);<\/li>\n<li>Adeline KERNER (PHD 2014);<\/li>\n<li>Ana\u00efs GRAND (PHD 2014);<\/li>\n<li>Visotheary RIVIERE UNG (PHD 2014);<\/li>\n<li>Florian Pellen (Master 2 SEP)<\/li>\n<li>Roseline Dupuyau (Master 1 SEP)<\/li>\n<li>Art\u00e9mis Korniliou (Master 2 SEP)<\/li>\n<li>Am\u00e9lie Pinel (Master 1 SEP))<\/li>\n<li>Fiora Dominici (Master 2 SEP, stage coencadr\u00e9 par N. Nebout, V. Lebreton et R. Vignes Lebbe)<\/li>\n<li>Aur\u00e9lien Maire (Master 2 SEP, stage coencadr\u00e9 par Fr\u00e9d\u00e9rique Jiguet et R. Vignes Lebbe)<\/li>\n<li>Julien Troudet (Master 2 SEP, stage coencadr\u00e9 par Olivier Gargominy du SPN et R. Vignes Lebbe)<\/li>\n<li>Kathleen Jacquez (Master 2 SEP, stage coencadr\u00e9 par Philippe Bearez et R. Vignes Lebbe)<\/li>\n<li>L\u00e9a Bled (Master 2 SEP, stage au sein de NatureParif, coencadr\u00e9 par M. Kayadjanian et R. Vignes Lebbe)<\/li>\n<li>Aur\u00e9lien Maire (Master 1 Bioinfo, P7, stage au sein du GBIF France, encadr\u00e9 par R. Vignes Lebbe)<\/li>\n<\/ul>\n","protected":false},"excerpt":{"rendered":"<p>Le laboratoire accueille un certain nombre d&rsquo;\u00e9tudiants en stage. Stagiaires et doctorants LIS : Julien TROUDET (PHD 2017, co-direction avec Fr\u00e9d\u00e9ric Legendre); Adeline KERNER (PHD 2014); Ana\u00efs GRAND (PHD 2014); Visotheary RIVIERE UNG (PHD 2014); Florian Pellen (Master 2 SEP) Roseline Dupuyau (Master 1 SEP) Art\u00e9mis Korniliou (Master 2 SEP) Am\u00e9lie Pinel (Master 1 SEP)) [&hellip;]<\/p>\n","protected":false},"author":1,"featured_media":0,"parent":16,"menu_order":1,"comment_status":"closed","ping_status":"closed","template":"","meta":{"footnotes":""},"class_list":["post-21","page","type-page","status-publish","hentry"],"blocksy_meta":{"styles_descriptor":{"styles":{"desktop":"","tablet":"","mobile":""},"google_fonts":[],"version":6}},"_links":{"self":[{"href":"https:\/\/infosyslab.fr\/index.php\/wp-json\/wp\/v2\/pages\/21","targetHints":{"allow":["GET"]}}],"collection":[{"href":"https:\/\/infosyslab.fr\/index.php\/wp-json\/wp\/v2\/pages"}],"about":[{"href":"https:\/\/infosyslab.fr\/index.php\/wp-json\/wp\/v2\/types\/page"}],"author":[{"embeddable":true,"href":"https:\/\/infosyslab.fr\/index.php\/wp-json\/wp\/v2\/users\/1"}],"replies":[{"embeddable":true,"href":"https:\/\/infosyslab.fr\/index.php\/wp-json\/wp\/v2\/comments?post=21"}],"version-history":[{"count":1,"href":"https:\/\/infosyslab.fr\/index.php\/wp-json\/wp\/v2\/pages\/21\/revisions"}],"predecessor-version":[{"id":511,"href":"https:\/\/infosyslab.fr\/index.php\/wp-json\/wp\/v2\/pages\/21\/revisions\/511"}],"up":[{"embeddable":true,"href":"https:\/\/infosyslab.fr\/index.php\/wp-json\/wp\/v2\/pages\/16"}],"wp:attachment":[{"href":"https:\/\/infosyslab.fr\/index.php\/wp-json\/wp\/v2\/media?parent=21"}],"curies":[{"name":"wp","href":"https:\/\/api.w.org\/{rel}","templated":true}]}}