{"id":38,"date":"2012-06-25T15:19:35","date_gmt":"2012-06-25T13:19:35","guid":{"rendered":"http:\/\/localhost\/infosyslab-wp\/index.php\/rvl\/"},"modified":"2023-02-22T10:49:54","modified_gmt":"2023-02-22T09:49:54","slug":"rvl","status":"publish","type":"page","link":"https:\/\/infosyslab.fr\/index.php\/equipe\/chercheurs\/rvl\/","title":{"rendered":"R\u00e9gine Vignes-Lebbe"},"content":{"rendered":"<div style=\"text-align: left;\"><img loading=\"lazy\" decoding=\"async\" class=\"size-full wp-image-37 alignnone\" src=\"http:\/\/liswp.strauss2.infosyslab.fr\/wp-content\/uploads\/2012\/06\/regine.jpg\" alt=\"\" width=\"150\" height=\"165\"><\/div>\n<p>Sorbonne Universit\u00e9 ;<br \/>\nISYEB, UMR7205<\/p>\n<p><i><br \/>\nMNHN D\u00e9partement Histoire de la Terre<\/i><\/p>\n<p>B\u00e2timent de G\u00e9ologie, CP48<\/p>\n<p>57 rue Buffon, F-75005 Paris (France)<\/p>\n<p><i><\/i><br \/>\nt\u00e9l : 01.40.79.80.61 (+33 1 40 79 80 61)<\/p>\n<p>adel : <a href=\"mailto:regine.vignes_lebbe@upmc.fr\">regine.vignes_lebbe<\/a><\/p>\n<p><b>Situation actuelle :<\/b>Professeur Sorbonne Universit\u00e9<\/p>\n<p><b>Sp\u00e9cialit\u00e9 :<\/b> Informatique appliqu\u00e9e \u00e0 la biodiversit\u00e9 (bases de donn\u00e9es et bases de connaissances &#8211; m\u00e9thodes de classification, d&rsquo;identification et d&rsquo;analyse des descriptions morphologiques)<\/p>\n<p><strong>Responsabilit\u00e9s<\/strong><\/p>\n<p>Membre r\u00e9\u00e9lu en 2016 au conseil d\u2019administration de l\u2019UFR 918 TEB, SU<br \/>\nMembre de la commission des enseignements<br \/>\nMembre nomm\u00e9 dans la commission sectorielle IRD \u00ab\u00a0Sciences des donn\u00e9es et des mod\u00e8les\u00a0\u00bb.<br \/>\nCoordination scientifique du GBIF France <a href=\"http:\/\/www.gbif.fr\">Voir&#8230;<\/a><\/p>\n<p>ex-Pr\u00e9sidente de la Commission Scientifique de l&rsquo;UFR 918 Terre, Environnement, Biodiversit\u00e9, et du Conseil scientifique de l&rsquo;OSU Ecce Terra(UPMC, jusqu&rsquo;en 2017)<br \/>\nResponsable du sous-parcours \u00ab\u00a0Informatique pour la Biodiversit\u00e9\u00a0\u00bb de la formation de master \u00ab\u00a0Syst\u00e9matique, Evolution, Pal\u00e9obiodiversit\u00e9\u00a0\u00bb conjointe SU-MNHN (mention <a href=\"http:\/\/sciences.sorbonne-universite.fr\/fr\/formations\/diplomes\/sciences_et_technologies2\/masters2\/master-de-biodiversite-ecologie-et-evolution.html\">BEE<\/a>).<\/p>\n<p><strong>Enseignement<\/strong><\/p>\n<p>J&rsquo;enseigne en L2 et L3 en formation pro (statistiques, informatique-bureautique)<\/p>\n<p>J&rsquo;enseigne dans le master \u00ab\u00a0Syst\u00e9matique, Evolution, Pal\u00e9obiodiversit\u00e9\u00a0\u00bb (Bases de la taxonomie, Discrimination et identification taxonomique, Bases de donn\u00e9es et web, Formalisation des connaissances)<\/p>\n<p>J&rsquo;interviens dans le module de l&rsquo;\u00e9cole doctorale du MNHN, intitul\u00e9 \u00ab\u00a0Analyse \u00e0 trois \u00e9l\u00e9ments en syst\u00e9matique et biog\u00e9ographie\u00a0\u00bb, ainsi que dans un module sur les collections.<\/p>\n<p><strong>Publications (quelques publications r\u00e9centes)<\/strong><\/p>\n<ul>\n<li style=\"list-style-type: none;\">\n<ul>\n<li>Troudet, J., Vignes-Lebbe, R., Grandcolas, P., &amp; Legendre, F. (2018). The increasing disconnection of primary biodiversity data from specimens: How does it happen and how to handle it?. Systematic biology, 67(6), 1110-1119.<\/li>\n<\/ul>\n<\/li>\n<\/ul>\n<ul>\n<li style=\"list-style-type: none;\">\n<ul>\n<li>Jouveau S., Delaunay M., Vignes-Lebbe R. &amp; Nattier R., (2018). A multi-access identification key based on colour patterns in ladybirds (Coleoptera,Coccinellidae). ZooKeys . N\u00b0 758, p. 55-73. ISSN: 1313-2989. https:\/\/dx.doi.org\/10.3897\/zookeys<\/li>\n<\/ul>\n<\/li>\n<\/ul>\n<ul>\n<li style=\"list-style-type: none;\">\n<ul>\n<li>Dubuisson J.-Y., Bouquin S. &amp; Vignes-Lebbe R., 2018 \u2014 Outil d\u2019identification informatis\u00e9 : Xper et Orchid\u00e9es de France m\u00e9tropolitaine. L&rsquo;Orchidophile. Vol. 219, p. 311-318.<\/li>\n<\/ul>\n<\/li>\n<\/ul>\n<ul>\n<li style=\"list-style-type: none;\">\n<ul>\n<li>Troudet, J., Grandcolas, P., Blin, A., Vignes-Lebbe R.&amp; Legendre F. (2017). Taxonomic bias in biodiversity data and societal preferences. Scientific reports 7 (1), 9132.<\/li>\n<\/ul>\n<\/li>\n<\/ul>\n<ul>\n<li style=\"list-style-type: none;\">\n<ul>\n<li>Joly, P., &amp; Vignes-Lebbe, R. (2017). Les collections mus\u00e9ologiques. In M. Bouzeghoub &amp; R. Mosseri (Eds.), Les Big Data \u00e0 d\u00e9couvert (pp. 50-51). Paris: CNRS.<\/li>\n<\/ul>\n<\/li>\n<\/ul>\n<ul>\n<li style=\"list-style-type: none;\">\n<ul>\n<li>Vignes-Lebbe, R. (2017). Langage naturel, langage formel et description du vivant. In T. Gaudin, D. Lacroix, M.-C. Maurel &amp; J. C. Pomerol (Eds.), Sciences de la Vie et Sciences de l&rsquo;Information . London: ISTE Editions.<\/li>\n<\/ul>\n<\/li>\n<\/ul>\n<ul>\n<li style=\"list-style-type: none;\">\n<ul>\n<li>Diep Thi M-H., Gurgand J., Vignes Lebbe R., Nguyen H-P., Nguyen B-L., Haevermans T. (2016). Bambous d&rsquo;Indochine: descripteurs morphologiques pour l\u2019identification. Science and Technology Commitee. Viet nam National University of Ho Chi Minh city. 269 p. ISBN 978-604-73-4238-9<\/li>\n<\/ul>\n<\/li>\n<\/ul>\n<ul>\n<li style=\"list-style-type: none;\">\n<ul>\n<li>Vignes Lebbe R., Chesselet P., Diep Thi M-H. (2016). Xper3: new tools for collaborating, training and transmitting knowledge on botanical phenotypes. In \u00ab\u00a0Botanists of the twenty-first century: roles, challenges and opportunities\u00a0\u00bb, No\u00ebline R. Rakotoarisoa, Stephen Blackmore and Bernard Riera editors, UNESCO, Paris <a href=\"http:\/\/unesdoc.unesco.org\/images\/0024\/002437\/243791m.pdf\">ISBN 978-92-3-100120-8<\/a>. 228-239<\/li>\n<\/ul>\n<\/li>\n<\/ul>\n<ul>\n<li style=\"list-style-type: none;\">\n<ul>\n<li>Cavoto, P., Cardoso, V., Lebbe, R., and Santanche, A. (2015). Fishgraph: A network-driven data analysis (submitted)<\/li>\n<\/ul>\n<\/li>\n<\/ul>\n<ul>\n<li style=\"list-style-type: none;\">\n<ul>\n<li>Grand, A.; Lebbe, R.V.; Santanche, A., \u00ab\u00a0From Phenotypes to Trees of Life: A Metamodel-Driven Approach for the Integration of Taxonomy Models,\u00a0\u00bb in e-Science (e-Science), 2014 IEEE 10th International Conference on , vol.1, no., pp.65-72, 20-24 Oct. 2014<br \/>\ndoi: 10.1109\/eScience.2014.48<\/li>\n<\/ul>\n<\/li>\n<\/ul>\n<ul>\n<li style=\"list-style-type: none;\">\n<ul>\n<li>Thacker RW, D\u00edaz MC, Kerner A, Vignes-Lebbe R, Segerdell E, Haendel MA, Mungall CJ. 2014. The Porifera Ontology (PORO): enhancing sponge systematics with an anatomy ontology. Journal of Biomedical Semantics 5:39. <a href=\"http:\/\/www.jbiomedsem.com\/content\/5\/1\/39\">doi: 10.1186\/2041-1480-5-39.<\/a><\/li>\n<\/ul>\n<\/li>\n<\/ul>\n<ul>\n<li style=\"list-style-type: none;\">\n<ul>\n<li>Chr\u00e9tiennot-Dinet M-J, Desreumaux N, Vignes-Lebbe R. An interactive key to the Chrysochromulina species (Haptophyta) described in the literature. PhytoKeys 2014;(34):47-60. doi:10.3897\/phytokeys.34.6242.<\/li>\n<\/ul>\n<\/li>\n<\/ul>\n<ul>\n<li style=\"list-style-type: none;\">\n<ul>\n<li>Hardisty A., Roberts D. and The Biodiversity Informatics Community 2013. A decadal view of biodiversity informatics: challenges and priorities. BMC Ecology, 13:16.<\/li>\n<\/ul>\n<\/li>\n<\/ul>\n<ul>\n<li style=\"list-style-type: none;\">\n<ul>\n<li>Thomas Burguiere, Florian Causse, Visotheary Ung, and R\u00e9gine Vignes-Lebbe, 2013:<br \/>\n<a href=\"http:\/\/sysbio.oxfordjournals.org\/content\/62\/1\/157.abstract\"><br \/>\nIKey+: A New Single-Access Key Generation Web Service<\/a><br \/>\nSyst Biol (2013) 62(1): 157-161.<\/li>\n<\/ul>\n<\/li>\n<\/ul>\n<ul>\n<li style=\"list-style-type: none;\">\n<ul>\n<li>Zarag\u00fceta-Bagils R., Ung V., Grand A., Vignes-Lebbe R., Cao N., Ducasse J, 2012 : <span class=\"publication\"><a>LisBeth : New cladistics for phylogenetics and biogeography.<\/a><\/span> C.R Palevol 11(8):563-566.<\/li>\n<\/ul>\n<\/li>\n<\/ul>\n<ul>\n<li style=\"list-style-type: none;\">\n<ul>\n<li>No\u00ebl Conruyt, David Grosser, R\u00e9gine Vignes-Lebbe. Knowledge Discovery for Biodiversity: from Data Mining to Sign Management. iEMSs Sixth Biennial Meeting: International Congress on Environmental Modelling and Software, Jul 2012, Leipzig, Germany. pp.en ligne. \u27e8hal-01188009\u27e9<\/li>\n<\/ul>\n<\/li>\n<\/ul>\n<ul>\n<li style=\"list-style-type: none;\">\n<ul>\n<li>Mathieu Bruno, C\u00eatre-Sossah Catherine, Garros Claire, Chavernac David, Balenghien Thomas, Carpenter Simon, Setier-Rio Marie-Laure, Vignes-Lebbe R\u00e9gine, Ung Visotheary, Candolfi Ermanno and Del\u00e9colle Jean-Claude, 2012. Development and validation of IIKC: an interactive identification key for Culicoides (Diptera: Ceratopogonidae) females from the Western Palaearctic region. Parasites &amp; Vectors 2012, 5:137 doi:10.1186\/1756-3305-5-137<\/li>\n<\/ul>\n<\/li>\n<\/ul>\n<ul>\n<li style=\"list-style-type: none;\">\n<ul>\n<li>Kerner A., Vignes Lebbe R. &amp; Debrenne F. (2011).- Computer-aided identification of the Archaeocyatha genera now available online.- Carnets de G\u00e9ologie &#8211; Notebooks on Geology, Brest, Letter 2011\/02 (CG2011_L02), p. 99-102, 2 figs. <a href=\"http:\/\/paleopolis.rediris.es\/cg\/ref\/CG2011_L02.html#\"> voir&#8230;<\/a><\/li>\n<\/ul>\n<\/li>\n<\/ul>\n<ul>\n<li style=\"list-style-type: none;\">\n<ul>\n<li>Nimis P.L., Vignes Lebbe R. (eds.), 2010 : <a>Tools for Identifying Biodiversity: Progress and Problems.<\/a> ISBN 978-88-8303-295-0, EUT, 455 pp. <a href=\"http:\/\/www.bioidentify.eu\/index.php?option=com_content&amp;view=article&amp;id=63&amp;Itemid=77\"> voir&#8230;<\/a><\/li>\n<li>No\u00ebl Conruyt, Didier S\u00e9bastien, R\u00e9gine Vignes-Lebbe, Salima Cosadia, . Moving from Biodiversity Information Systems to Biodiversity Information Services. Information and Communication Technologies for Biodiversity Conservation and Agriculture, Maurer, Lisa and Tochtermann, Klaus, pp.107-128, 2010, 978-3-8322-8459-6. \u27e8hal-01186489\u27e9<\/li>\n<\/ul>\n<\/li>\n<\/ul>\n<ul>\n<li style=\"list-style-type: none;\">\n<ul>\n<li>Ung V., Dubus G., Zarag\u00fceta-Bagils R. &amp; Vignes-Lebbe R., 2010 : Xper\u00b2: introducing e-Taxonomy. Bioinformatics, Vol. 26, Num.5: 703-704.<\/li>\n<\/ul>\n<\/li>\n<\/ul>\n<ul>\n<li>Zarag\u00fceta-Bagils R., Bourdon E., Ung V., Vignes-Lebbe R. et Mal\u00e9cot V., 2009 : Comments on the International Code of Area Nomenclature. Journal of Biogeography, 38 : 1617-1619.<\/li>\n<li>Messiaen S., Vignes-Lebbe R., Aragon S., 2008. La reflexion semantica: primera etapa en el proceso de informatizacion de una coleccion universitaria de ciencias naturals con vocacion pedagogica. Revista de Museologia #43: 56-65.<\/li>\n<li>Cao, N., Zarag\u00fceta-Bagils, R. &amp; Vignes-Lebbe, R. , 2007. A hierarchical representation of the hypothesis of homology. Geodiversitas 29:5-15.<\/li>\n<li>Jacques, F. Gallut, C. Vignes-Lebbe, R. &amp; Zarag\u00fceta Bagils, R., 2007. Resolving phylogenetic reconstruction in Menispermaceae (Ranunculales) using fossils and a novel statistical test. Taxon 56 (2) : 379-392<\/li>\n<\/ul>\n","protected":false},"excerpt":{"rendered":"<p>Sorbonne Universit\u00e9 ; ISYEB, UMR7205 MNHN D\u00e9partement Histoire de la Terre B\u00e2timent de G\u00e9ologie, CP48 57 rue Buffon, F-75005 Paris (France) t\u00e9l : 01.40.79.80.61 (+33 1 40 79 80 61) adel : regine.vignes_lebbe Situation actuelle :Professeur Sorbonne Universit\u00e9 Sp\u00e9cialit\u00e9 : Informatique appliqu\u00e9e \u00e0 la biodiversit\u00e9 (bases de donn\u00e9es et bases de connaissances &#8211; m\u00e9thodes de [&hellip;]<\/p>\n","protected":false},"author":1,"featured_media":0,"parent":19,"menu_order":2,"comment_status":"closed","ping_status":"closed","template":"","meta":{"footnotes":""},"class_list":["post-38","page","type-page","status-publish","hentry"],"blocksy_meta":{"styles_descriptor":{"styles":{"desktop":"","tablet":"","mobile":""},"google_fonts":[],"version":6}},"_links":{"self":[{"href":"https:\/\/infosyslab.fr\/index.php\/wp-json\/wp\/v2\/pages\/38","targetHints":{"allow":["GET"]}}],"collection":[{"href":"https:\/\/infosyslab.fr\/index.php\/wp-json\/wp\/v2\/pages"}],"about":[{"href":"https:\/\/infosyslab.fr\/index.php\/wp-json\/wp\/v2\/types\/page"}],"author":[{"embeddable":true,"href":"https:\/\/infosyslab.fr\/index.php\/wp-json\/wp\/v2\/users\/1"}],"replies":[{"embeddable":true,"href":"https:\/\/infosyslab.fr\/index.php\/wp-json\/wp\/v2\/comments?post=38"}],"version-history":[{"count":3,"href":"https:\/\/infosyslab.fr\/index.php\/wp-json\/wp\/v2\/pages\/38\/revisions"}],"predecessor-version":[{"id":477,"href":"https:\/\/infosyslab.fr\/index.php\/wp-json\/wp\/v2\/pages\/38\/revisions\/477"}],"up":[{"embeddable":true,"href":"https:\/\/infosyslab.fr\/index.php\/wp-json\/wp\/v2\/pages\/19"}],"wp:attachment":[{"href":"https:\/\/infosyslab.fr\/index.php\/wp-json\/wp\/v2\/media?parent=38"}],"curies":[{"name":"wp","href":"https:\/\/api.w.org\/{rel}","templated":true}]}}