{"id":40,"date":"2012-06-25T15:19:35","date_gmt":"2012-06-25T13:19:35","guid":{"rendered":"http:\/\/localhost\/infosyslab-wp\/index.php\/bases\/"},"modified":"2023-02-22T10:27:52","modified_gmt":"2023-02-22T09:27:52","slug":"bases","status":"publish","type":"page","link":"https:\/\/infosyslab.fr\/index.php\/ressources\/bases\/","title":{"rendered":"Bases de donn\u00e9es"},"content":{"rendered":"<div align=\"left\"><span class=\"ressources\"><strong> Bases de donn\u00e9es biologiques<\/strong><\/span><\/div>\n<ul>\n<li><span class=\"ressources\"><a href=\"http:\/\/albinoni.snv.jussieu.fr\/\">PALBOT<\/a><\/span> Collection de Pal\u00e9obotanique de l&rsquo;<span class=\"ressources\"><a href=\"http:\/\/www.upmc.fr\/\">Universit\u00e9 Paris 6<\/a><\/span>;<\/li>\n<li><span class=\"ressources\"><a href=\"http:\/\/lis-upmc.snv.jussieu.fr\/palbot\/gingko\/database.html\">Ginkgos Fossiles Jurassiques d&rsquo;Iran<\/a><\/span>;<\/li>\n<li><!--<span class=\"ressources\"><a href=\"http:\/\/flow.snv.jussieu.fr\">Bases de donn\u00e9es des <i>Fulgoromorphes<\/i><\/a><\/span>-->Bases de donn\u00e9es des <i>Fulgoromorphes<\/i>;<\/li>\n<li><!--<span class=\"ressources\"><a href=\"http:\/\/cipa.snv.jussieu.fr\">CIPA<\/a><\/span>-->CIPA Base de donn\u00e9es sur les phl\u00e9botomes du continent am\u00e9ricain (Diptera)<\/li>\n<\/ul>\n<p>Anciens d\u00e9veloppements :<\/p>\n<ul>\n<li>La flore de Paris sur le web. <span class=\"ressources\"><a href=\"http:\/\/pariflor.snv.jussieu.fr\/\">more&#8230;<\/a><\/span><\/li>\n<\/ul>\n","protected":false},"excerpt":{"rendered":"<p>Bases de donn\u00e9es biologiques PALBOT Collection de Pal\u00e9obotanique de l&rsquo;Universit\u00e9 Paris 6; Ginkgos Fossiles Jurassiques d&rsquo;Iran; Bases de donn\u00e9es des Fulgoromorphes; CIPA Base de donn\u00e9es sur les phl\u00e9botomes du continent am\u00e9ricain (Diptera) Anciens d\u00e9veloppements : La flore de Paris sur le web. more&#8230;<\/p>\n","protected":false},"author":1,"featured_media":0,"parent":4,"menu_order":1,"comment_status":"closed","ping_status":"closed","template":"","meta":{"footnotes":""},"class_list":["post-40","page","type-page","status-publish","hentry"],"blocksy_meta":{"styles_descriptor":{"styles":{"desktop":"","tablet":"","mobile":""},"google_fonts":[],"version":6}},"_links":{"self":[{"href":"https:\/\/infosyslab.fr\/index.php\/wp-json\/wp\/v2\/pages\/40","targetHints":{"allow":["GET"]}}],"collection":[{"href":"https:\/\/infosyslab.fr\/index.php\/wp-json\/wp\/v2\/pages"}],"about":[{"href":"https:\/\/infosyslab.fr\/index.php\/wp-json\/wp\/v2\/types\/page"}],"author":[{"embeddable":true,"href":"https:\/\/infosyslab.fr\/index.php\/wp-json\/wp\/v2\/users\/1"}],"replies":[{"embeddable":true,"href":"https:\/\/infosyslab.fr\/index.php\/wp-json\/wp\/v2\/comments?post=40"}],"version-history":[{"count":1,"href":"https:\/\/infosyslab.fr\/index.php\/wp-json\/wp\/v2\/pages\/40\/revisions"}],"predecessor-version":[{"id":528,"href":"https:\/\/infosyslab.fr\/index.php\/wp-json\/wp\/v2\/pages\/40\/revisions\/528"}],"up":[{"embeddable":true,"href":"https:\/\/infosyslab.fr\/index.php\/wp-json\/wp\/v2\/pages\/4"}],"wp:attachment":[{"href":"https:\/\/infosyslab.fr\/index.php\/wp-json\/wp\/v2\/media?parent=40"}],"curies":[{"name":"wp","href":"https:\/\/api.w.org\/{rel}","templated":true}]}}