{"id":44,"date":"2012-06-25T15:19:35","date_gmt":"2012-06-25T13:19:35","guid":{"rendered":"http:\/\/localhost\/infosyslab-wp\/index.php\/edit-2\/"},"modified":"2023-02-22T10:03:43","modified_gmt":"2023-02-22T09:03:43","slug":"edit-2","status":"publish","type":"page","link":"https:\/\/infosyslab.fr\/index.php\/reseau\/edit-2\/","title":{"rendered":"European Distributed Institute of Taxonomy (EDIT)"},"content":{"rendered":"<p>Cr\u00e9\u00e9 en 2006, EDIT est un consortium international de grands mus\u00e9es d&rsquo;histoire naturelle et de jardins botaniques, coordonn\u00e9 par le Mus\u00e9um National d&rsquo;Histoire Naturelle. Son objectif est l&rsquo;int\u00e9gration de la recherche en taxonomie. Ce r\u00e9seau d&rsquo;excellence est soutenu par la Communaut\u00e9 Europ\u00e9enne dans le cadre du 6\u00e8me PCRD (Programme-Cadre de Recherche et D\u00e9veloppement).<\/p>\n<h3>Objectifs du R\u00e9seau<\/h3>\n<p>EDIT a pour but d&rsquo;int\u00e9grer la recherche en taxonomie en mobilisant ses ressources autour d&rsquo;un programme commun d&rsquo;activit\u00e9s multidisciplinaires, et en organisant des structures de concertation, de d\u00e9cision et de gestion communes. Il s&rsquo;agit \u00e0 la fois de cr\u00e9er de nouveaux outils facilitant le travail des taxonomistes, d&rsquo;am\u00e9liorer l&rsquo;acc\u00e8s \u00e0 l&rsquo;information (via Internet notamment), de mettre en place des standards d&rsquo;inventaire des esp\u00e8ces, de proposer des formations de qualit\u00e9 aux \u00e9tudiants&#8230; Un travail d&rsquo;envergure, n\u00e9cessitant de regrouper au sein d&rsquo;une structure durable des institutions aux statuts diff\u00e9rents, appartenant \u00e0 des pays diff\u00e9rents, et traditionnellement en comp\u00e9tition depuis plus d&rsquo;un si\u00e8cle.<\/p>\n<p>Pour en savoir plus sur les activit\u00e9s d&rsquo; <span class=\"reseau\"><a href=\"http:\/\/www.e-taxonomy.eu\">EDIT<\/a><\/span><\/p>\n","protected":false},"excerpt":{"rendered":"<p>Cr\u00e9\u00e9 en 2006, EDIT est un consortium international de grands mus\u00e9es d&rsquo;histoire naturelle et de jardins botaniques, coordonn\u00e9 par le Mus\u00e9um National d&rsquo;Histoire Naturelle. Son objectif est l&rsquo;int\u00e9gration de la recherche en taxonomie. Ce r\u00e9seau d&rsquo;excellence est soutenu par la Communaut\u00e9 Europ\u00e9enne dans le cadre du 6\u00e8me PCRD (Programme-Cadre de Recherche et D\u00e9veloppement). Objectifs du [&hellip;]<\/p>\n","protected":false},"author":1,"featured_media":0,"parent":15,"menu_order":1,"comment_status":"closed","ping_status":"closed","template":"","meta":{"footnotes":""},"class_list":["post-44","page","type-page","status-publish","hentry"],"blocksy_meta":{"styles_descriptor":{"styles":{"desktop":"","tablet":"","mobile":""},"google_fonts":[],"version":6}},"_links":{"self":[{"href":"https:\/\/infosyslab.fr\/index.php\/wp-json\/wp\/v2\/pages\/44","targetHints":{"allow":["GET"]}}],"collection":[{"href":"https:\/\/infosyslab.fr\/index.php\/wp-json\/wp\/v2\/pages"}],"about":[{"href":"https:\/\/infosyslab.fr\/index.php\/wp-json\/wp\/v2\/types\/page"}],"author":[{"embeddable":true,"href":"https:\/\/infosyslab.fr\/index.php\/wp-json\/wp\/v2\/users\/1"}],"replies":[{"embeddable":true,"href":"https:\/\/infosyslab.fr\/index.php\/wp-json\/wp\/v2\/comments?post=44"}],"version-history":[{"count":1,"href":"https:\/\/infosyslab.fr\/index.php\/wp-json\/wp\/v2\/pages\/44\/revisions"}],"predecessor-version":[{"id":289,"href":"https:\/\/infosyslab.fr\/index.php\/wp-json\/wp\/v2\/pages\/44\/revisions\/289"}],"up":[{"embeddable":true,"href":"https:\/\/infosyslab.fr\/index.php\/wp-json\/wp\/v2\/pages\/15"}],"wp:attachment":[{"href":"https:\/\/infosyslab.fr\/index.php\/wp-json\/wp\/v2\/media?parent=44"}],"curies":[{"name":"wp","href":"https:\/\/api.w.org\/{rel}","templated":true}]}}