{"id":49,"date":"2012-06-25T15:19:35","date_gmt":"2012-06-25T13:19:35","guid":{"rendered":"http:\/\/localhost\/infosyslab-wp\/index.php\/telabotanica\/"},"modified":"2023-02-22T10:01:31","modified_gmt":"2023-02-22T09:01:31","slug":"telabotanica","status":"publish","type":"page","link":"https:\/\/infosyslab.fr\/index.php\/reseau\/telabotanica\/","title":{"rendered":"T\u00e9la-Botanica"},"content":{"rendered":"<p>Le R\u00e9seau Tela Botanica a pour objet de contribuer au rapprochement de tous les botanistes de langue fran\u00e7aise. Il s&rsquo;adresse \u00e0 toutes les personnes, physiques ou morales, int\u00e9ress\u00e9es par le monde v\u00e9g\u00e9tal dans une \u00e9thique de respect de la nature, de l&rsquo;homme et de son environnement.<br \/>\nDevant le constat d&rsquo;impuissance de nos universit\u00e9s \u00e0 promouvoir la botanique et les disciplines qui s\u2019y rattachent, ainsi que leur sous repr\u00e9sentation en langue fran\u00e7aise au niveau mondial, il appartient aux bonnes volont\u00e9s d&rsquo;int\u00e9grer et de faire partager le maximum de connaissances sur ces disciplines.<\/p>\n<p>Cr\u00e9\u00e9 en 2000 dans cet objectif, le <span class=\"reseau\"><a href=\"http:\/\/www.tela-botanica.org\">site<\/a><\/span>  est devenu le portail d\u2019information et d&rsquo;\u00e9change privil\u00e9gi\u00e9 des botanistes de langue fran\u00e7aise. Chaque jour, des amateurs passionn\u00e9s, des enseignants et des professionnels \u00e9changent des connaissances et \u00e9laborent des projets auxquels vous \u00eates invit\u00e9s \u00e0 participer.<\/p>\n<p>Son fonctionnement prend appui sur deux choix essentiels :<\/p>\n<ul>* l\u2019\u00e9thique des r\u00e9seaux collaboratifs pour le mode de participation des adh\u00e9rents<\/ul>\n<ul>* l\u2019utilisation massive mais raisonn\u00e9e des technologies de l\u2019information et de la communication pour les \u00e9changes.<\/ul>\n<p>Le laboratoire a d\u00e9velopp\u00e9 un partenariat avec le r\u00e9seau Tela-Botanica, venez visiter son <span class=\"reseau\"><a href=\"http:\/\/lis-upmc.snv.jussieu.fr\/xperbotanica\/\">site<\/a><\/span> internet d\u00e9di\u00e9!<\/p>\n","protected":false},"excerpt":{"rendered":"<p>Le R\u00e9seau Tela Botanica a pour objet de contribuer au rapprochement de tous les botanistes de langue fran\u00e7aise. Il s&rsquo;adresse \u00e0 toutes les personnes, physiques ou morales, int\u00e9ress\u00e9es par le monde v\u00e9g\u00e9tal dans une \u00e9thique de respect de la nature, de l&rsquo;homme et de son environnement. Devant le constat d&rsquo;impuissance de nos universit\u00e9s \u00e0 promouvoir [&hellip;]<\/p>\n","protected":false},"author":1,"featured_media":0,"parent":15,"menu_order":1,"comment_status":"closed","ping_status":"closed","template":"","meta":{"footnotes":""},"class_list":["post-49","page","type-page","status-publish","hentry"],"blocksy_meta":{"styles_descriptor":{"styles":{"desktop":"","tablet":"","mobile":""},"google_fonts":[],"version":6}},"_links":{"self":[{"href":"https:\/\/infosyslab.fr\/index.php\/wp-json\/wp\/v2\/pages\/49","targetHints":{"allow":["GET"]}}],"collection":[{"href":"https:\/\/infosyslab.fr\/index.php\/wp-json\/wp\/v2\/pages"}],"about":[{"href":"https:\/\/infosyslab.fr\/index.php\/wp-json\/wp\/v2\/types\/page"}],"author":[{"embeddable":true,"href":"https:\/\/infosyslab.fr\/index.php\/wp-json\/wp\/v2\/users\/1"}],"replies":[{"embeddable":true,"href":"https:\/\/infosyslab.fr\/index.php\/wp-json\/wp\/v2\/comments?post=49"}],"version-history":[{"count":1,"href":"https:\/\/infosyslab.fr\/index.php\/wp-json\/wp\/v2\/pages\/49\/revisions"}],"predecessor-version":[{"id":514,"href":"https:\/\/infosyslab.fr\/index.php\/wp-json\/wp\/v2\/pages\/49\/revisions\/514"}],"up":[{"embeddable":true,"href":"https:\/\/infosyslab.fr\/index.php\/wp-json\/wp\/v2\/pages\/15"}],"wp:attachment":[{"href":"https:\/\/infosyslab.fr\/index.php\/wp-json\/wp\/v2\/media?parent=49"}],"curies":[{"name":"wp","href":"https:\/\/api.w.org\/{rel}","templated":true}]}}