{"id":65,"date":"2012-06-25T15:19:35","date_gmt":"2012-06-25T13:19:35","guid":{"rendered":"http:\/\/localhost\/infosyslab-wp\/index.php\/applis\/"},"modified":"2023-02-22T10:29:23","modified_gmt":"2023-02-22T09:29:23","slug":"applis","status":"publish","type":"page","link":"https:\/\/infosyslab.fr\/index.php\/ressources\/applis\/","title":{"rendered":"Applications biologiques"},"content":{"rendered":"<p><span class=\"ressources\"><strong>Applications biologiques<\/strong><\/span><\/p>\n<ul>\n<li><span class=\"ressources\"><a href=\"https:\/\/xper2.infosyslab.fr\">Les bases Xper2<\/a><\/span><\/li>\n<li><span class=\"ressources\"><a href=\"https:\/\/identificationkey.fr\">Cr\u00e9er des cl\u00e9s d&rsquo;identification<\/a><\/span><\/li>\n<li>\nQuelques exemples:<\/p>\n<ul>\n<li>Identification des <span class=\"ressources\"><a href=\"https:\/\/xper2.infosyslab.fr\/infosXper2Bases\/details_base.php?id_base=99\">Phl\u00e9botomes (Diptera Psychodidae)<\/a><\/span> d&rsquo;Am\u00e9rique.<\/li>\n<li>Le monde des<span class=\"ressources\"><a href=\"http:\/\/www.echinodermes.org\/\"> Echinodermes<\/a><\/span> (classification, morphologie, biologie &#8230; avec cl\u00e9s de d\u00e9termination et identification en ligne (collaboration avec le Museum National d&rsquo;Histoire Naturelle, Paris).<\/li>\n<li>Les coraux des Mascareignes (collaboration avec l&rsquo;universit\u00e9 de La Reunion, programme ETIC).<span class=\"ressources\"><a href=\"http:\/\/coraux.univ-reunion.fr\/?lang=fr\"> more&#8230;<\/a><\/span><\/li>\n<li>Les varans du monde : identification en ligne.<span class=\"ressources\"><a href=\"https:\/\/apps.infosyslab.fr\/varanID\/\"> more&#8230;<\/a><\/span> (7 kbases de connaissances)<\/li>\n<li>Cl\u00e9 interactive des Genettes.<span class=\"ressources\"><a href=\"https:\/\/apps.infosyslab.fr\/genettes\/web\/index.html.fr\"> more&#8230;<\/a><\/span><\/li>\n<li>Flore de France: <span class=\"ressources\"><a href=\"https:\/\/apps.infosyslab.fr\/xperbotanica\/\">Projet Xper-Botanica <\/a><\/span> (33  bases de connaissances &#8211; collaboration avec Telabotanica).<\/li>\n<li>Heligmonellinae: n\u00e9matodes parasites (project en cours).<\/li>\n<li>Les Bambous d&rsquo;Indochine (Vietnam, Laos, Cambodge) (project en cours)<\/li>\n<li>Les palmiers de l&rsquo;Ancien Monde (Afrique\/Asie\/Europe).<span class=\"ressources\"><a href=\"https:\/\/apps.infosyslab.fr\/Palm-ID\"> more&#8230;<\/a><\/span><\/li>\n<li>Identification de macrophytes de phytoplancton. Applications d\u00e9velopp\u00e9es durant les stages ERASMUS BIOPROME entre 2001 et 2005 (4 bases de connaissances).<\/li>\n<li>Identification des <!--<span class=\"ressources\"><a href=\"https:\/\/apps.infosyslab.fr\/pollen\">-->grains de pollen (bient\u00f4t disponible)<!--<\/a><\/span>-->.<\/li>\n<\/ul>\n<\/li>\n<li>\n<span class=\"ressources\"><br \/>\n<a href=\"https:\/\/apps.infosyslab.fr\/gapw\/\">La fonction Gapw<\/a><br \/>\n<\/span><\/li>\n<\/ul>\n","protected":false},"excerpt":{"rendered":"<p>Applications biologiques Les bases Xper2 Cr\u00e9er des cl\u00e9s d&rsquo;identification Quelques exemples: Identification des Phl\u00e9botomes (Diptera Psychodidae) d&rsquo;Am\u00e9rique. Le monde des Echinodermes (classification, morphologie, biologie &#8230; avec cl\u00e9s de d\u00e9termination et identification en ligne (collaboration avec le Museum National d&rsquo;Histoire Naturelle, Paris). Les coraux des Mascareignes (collaboration avec l&rsquo;universit\u00e9 de La Reunion, programme ETIC). more&#8230; Les [&hellip;]<\/p>\n","protected":false},"author":1,"featured_media":0,"parent":4,"menu_order":1,"comment_status":"closed","ping_status":"closed","template":"","meta":{"footnotes":""},"class_list":["post-65","page","type-page","status-publish","hentry"],"blocksy_meta":{"styles_descriptor":{"styles":{"desktop":"","tablet":"","mobile":""},"google_fonts":[],"version":6}},"_links":{"self":[{"href":"https:\/\/infosyslab.fr\/index.php\/wp-json\/wp\/v2\/pages\/65","targetHints":{"allow":["GET"]}}],"collection":[{"href":"https:\/\/infosyslab.fr\/index.php\/wp-json\/wp\/v2\/pages"}],"about":[{"href":"https:\/\/infosyslab.fr\/index.php\/wp-json\/wp\/v2\/types\/page"}],"author":[{"embeddable":true,"href":"https:\/\/infosyslab.fr\/index.php\/wp-json\/wp\/v2\/users\/1"}],"replies":[{"embeddable":true,"href":"https:\/\/infosyslab.fr\/index.php\/wp-json\/wp\/v2\/comments?post=65"}],"version-history":[{"count":1,"href":"https:\/\/infosyslab.fr\/index.php\/wp-json\/wp\/v2\/pages\/65\/revisions"}],"predecessor-version":[{"id":281,"href":"https:\/\/infosyslab.fr\/index.php\/wp-json\/wp\/v2\/pages\/65\/revisions\/281"}],"up":[{"embeddable":true,"href":"https:\/\/infosyslab.fr\/index.php\/wp-json\/wp\/v2\/pages\/4"}],"wp:attachment":[{"href":"https:\/\/infosyslab.fr\/index.php\/wp-json\/wp\/v2\/media?parent=65"}],"curies":[{"name":"wp","href":"https:\/\/api.w.org\/{rel}","templated":true}]}}