{"id":73,"date":"2012-06-25T15:19:35","date_gmt":"2012-06-25T13:19:35","guid":{"rendered":"http:\/\/localhost\/infosyslab-wp\/index.php\/documentation\/"},"modified":"2023-02-22T10:43:09","modified_gmt":"2023-02-22T09:43:09","slug":"documentation","status":"publish","type":"page","link":"https:\/\/infosyslab.fr\/index.php\/ressources\/logiciels\/lisbeth\/documentation\/","title":{"rendered":"LisBeth Documentation"},"content":{"rendered":"<p><!--?php\n$block = module_invoke('block', 'block_view', 23);\nprint $block['content'];\n?--><\/p>\n<hr class=\"lisbeth\">\n<div class=\"lisbeth\">\n<p>Toute la documentation technique en pdf:<\/p>\n<p>Remarque : veuillez consulter la page anglaise pour acc\u00e9der \u00e0 la documentation \u00ab\u00a0utilisateurs\u00a0\u00bb et aux derni\u00e8res mises \u00e0 jour !<\/p>\n<ul>\n<li><a href=\"http:\/\/s01.infosyslab.fr\/lisbeth\/LisBethInstall.pdf\">LisBeth, installation<\/a><\/li>\n<li><a href=\"http:\/\/s01.infosyslab.fr\/lisbeth\/lisbethGuide.pdf\">LisBeth, guide de l&rsquo;utilisateur<\/a><\/li>\n<li><a href=\"http:\/\/s01.infosyslab.fr\/lisbeth\/3ia.pdf\">Analyse phylog\u00e9n\u00e9tique en 3ia (fichiers d&rsquo;entr\u00e9e, fichiers de sortie)<\/a><\/li>\n<li><a href=\"http:\/\/s01.infosyslab.fr\/lisbeth\/3area.pdf\">Analyse de biog\u00e9ographie en 3ia (fichiers d&rsquo;entr\u00e9e, fichiers de sortie)<\/a><\/li>\n<li><a href=\"http:\/\/s01.infosyslab.fr\/lisbeth\/3iamatx.pdf\">Passage d&rsquo;une matrice \u00e0 des caract\u00e8res 3ia<\/a><\/li>\n<li><a href=\"http:\/\/s01.infosyslab.fr\/lisbeth\/3iaout.pdf\">Export des fichiers de 3ia en format nexus<\/a><\/li>\n<li><a href=\"http:\/\/s01.infosyslab.fr\/lisbeth\/3iaxper.pdf\">Import de caract\u00e8res \u00e0 partir du logiciel Xper2<\/a><\/li>\n<li><a href=\"http:\/\/s01.infosyslab.fr\/lisbeth\/3iahifi.pdf\">Indice HIFI<\/a><\/li>\n<\/ul>\n<\/div>\n","protected":false},"excerpt":{"rendered":"<p>Toute la documentation technique en pdf: Remarque : veuillez consulter la page anglaise pour acc\u00e9der \u00e0 la documentation \u00ab\u00a0utilisateurs\u00a0\u00bb et aux derni\u00e8res mises \u00e0 jour ! LisBeth, installation LisBeth, guide de l&rsquo;utilisateur Analyse phylog\u00e9n\u00e9tique en 3ia (fichiers d&rsquo;entr\u00e9e, fichiers de sortie) Analyse de biog\u00e9ographie en 3ia (fichiers d&rsquo;entr\u00e9e, fichiers de sortie) Passage d&rsquo;une matrice \u00e0 [&hellip;]<\/p>\n","protected":false},"author":1,"featured_media":0,"parent":17,"menu_order":3,"comment_status":"closed","ping_status":"closed","template":"","meta":{"footnotes":""},"class_list":["post-73","page","type-page","status-publish","hentry"],"blocksy_meta":{"styles_descriptor":{"styles":{"desktop":"","tablet":"","mobile":""},"google_fonts":[],"version":6}},"_links":{"self":[{"href":"https:\/\/infosyslab.fr\/index.php\/wp-json\/wp\/v2\/pages\/73","targetHints":{"allow":["GET"]}}],"collection":[{"href":"https:\/\/infosyslab.fr\/index.php\/wp-json\/wp\/v2\/pages"}],"about":[{"href":"https:\/\/infosyslab.fr\/index.php\/wp-json\/wp\/v2\/types\/page"}],"author":[{"embeddable":true,"href":"https:\/\/infosyslab.fr\/index.php\/wp-json\/wp\/v2\/users\/1"}],"replies":[{"embeddable":true,"href":"https:\/\/infosyslab.fr\/index.php\/wp-json\/wp\/v2\/comments?post=73"}],"version-history":[{"count":2,"href":"https:\/\/infosyslab.fr\/index.php\/wp-json\/wp\/v2\/pages\/73\/revisions"}],"predecessor-version":[{"id":537,"href":"https:\/\/infosyslab.fr\/index.php\/wp-json\/wp\/v2\/pages\/73\/revisions\/537"}],"up":[{"embeddable":true,"href":"https:\/\/infosyslab.fr\/index.php\/wp-json\/wp\/v2\/pages\/17"}],"wp:attachment":[{"href":"https:\/\/infosyslab.fr\/index.php\/wp-json\/wp\/v2\/media?parent=73"}],"curies":[{"name":"wp","href":"https:\/\/api.w.org\/{rel}","templated":true}]}}