{"id":76,"date":"2012-06-25T15:19:35","date_gmt":"2012-06-25T13:19:35","guid":{"rendered":"http:\/\/localhost\/infosyslab-wp\/index.php\/telechargement\/"},"modified":"2023-02-22T10:44:33","modified_gmt":"2023-02-22T09:44:33","slug":"telechargement","status":"publish","type":"page","link":"https:\/\/infosyslab.fr\/index.php\/ressources\/logiciels\/lisbeth\/telechargement\/","title":{"rendered":"LisBeth T\u00e9l\u00e9chargement"},"content":{"rendered":"<p><!--?php\n$block = module_invoke('block', 'block_view', 23);\nprint $block['content'];\n?--><\/p>\n<hr class=\"lisbeth\">\n<div class=\"lisbeth\">\n<p>T\u00e9l\u00e9chargez la derni\u00e8re version (01\/2013) de <a title=\"LisBeth 1.3\" href=\"http:\/\/s01.infosyslab.fr\/lisbeth\/LisbethInstall-130127.exe\">LisBeth<\/a>!<\/p>\n<p>LisBeth a besoin de <a title=\"Python.org\" href=\"http:\/\/www.python.org\">Python<\/a> pour fonctionner, vous devez l&rsquo;installer avant de proc\u00e9der \u00e0 l&rsquo;installation de Lisbeth. Les versions 2.7 \u00e0 3.3, en 32 bits uniquement, sont support\u00e9es. Vous pouvez les t\u00e9l\u00e9charger <a title=\"T\u00e9l\u00e9charger Python\" href=\"http:\/\/www.python.org\/download\/releases\/\">ici<\/a>.<\/p>\n<p>N&rsquo;h\u00e9sitez pas \u00e0 nous contacter pour toute information compl\u00e9mentaire.<br \/>\nSi vous rencontrez un probl\u00e8me lors de l&rsquo;import de caract\u00e8res depuis une base de connaissances Xper2, cela peut \u00eatre li\u00e9 \u00e0 des diff\u00e9rences de versions. Nous pouvons rem\u00e9dier \u00e0 cela au cas par cas en attendant que les mises \u00e0 jour soient publi\u00e9es.<\/p>\n<\/div>\n","protected":false},"excerpt":{"rendered":"<p>T\u00e9l\u00e9chargez la derni\u00e8re version (01\/2013) de LisBeth! LisBeth a besoin de Python pour fonctionner, vous devez l&rsquo;installer avant de proc\u00e9der \u00e0 l&rsquo;installation de Lisbeth. Les versions 2.7 \u00e0 3.3, en 32 bits uniquement, sont support\u00e9es. Vous pouvez les t\u00e9l\u00e9charger ici. N&rsquo;h\u00e9sitez pas \u00e0 nous contacter pour toute information compl\u00e9mentaire. Si vous rencontrez un probl\u00e8me lors [&hellip;]<\/p>\n","protected":false},"author":1,"featured_media":0,"parent":17,"menu_order":3,"comment_status":"closed","ping_status":"closed","template":"","meta":{"footnotes":""},"class_list":["post-76","page","type-page","status-publish","hentry"],"blocksy_meta":{"styles_descriptor":{"styles":{"desktop":"","tablet":"","mobile":""},"google_fonts":[],"version":6}},"_links":{"self":[{"href":"https:\/\/infosyslab.fr\/index.php\/wp-json\/wp\/v2\/pages\/76","targetHints":{"allow":["GET"]}}],"collection":[{"href":"https:\/\/infosyslab.fr\/index.php\/wp-json\/wp\/v2\/pages"}],"about":[{"href":"https:\/\/infosyslab.fr\/index.php\/wp-json\/wp\/v2\/types\/page"}],"author":[{"embeddable":true,"href":"https:\/\/infosyslab.fr\/index.php\/wp-json\/wp\/v2\/users\/1"}],"replies":[{"embeddable":true,"href":"https:\/\/infosyslab.fr\/index.php\/wp-json\/wp\/v2\/comments?post=76"}],"version-history":[{"count":3,"href":"https:\/\/infosyslab.fr\/index.php\/wp-json\/wp\/v2\/pages\/76\/revisions"}],"predecessor-version":[{"id":539,"href":"https:\/\/infosyslab.fr\/index.php\/wp-json\/wp\/v2\/pages\/76\/revisions\/539"}],"up":[{"embeddable":true,"href":"https:\/\/infosyslab.fr\/index.php\/wp-json\/wp\/v2\/pages\/17"}],"wp:attachment":[{"href":"https:\/\/infosyslab.fr\/index.php\/wp-json\/wp\/v2\/media?parent=76"}],"curies":[{"name":"wp","href":"https:\/\/api.w.org\/{rel}","templated":true}]}}