{"id":85,"date":"2012-06-25T15:19:35","date_gmt":"2012-06-25T13:19:35","guid":{"rendered":"http:\/\/localhost\/infosyslab-wp\/index.php\/communaute-2\/"},"modified":"2023-02-22T10:40:45","modified_gmt":"2023-02-22T09:40:45","slug":"communaute-2","status":"publish","type":"page","link":"https:\/\/infosyslab.fr\/index.php\/ressources\/logiciels\/lisbeth\/communaute-2\/","title":{"rendered":"LisBeth Communaut\u00e9"},"content":{"rendered":"<p><!--?php\n$block = module_invoke('block', 'block_view', 23);\nprint $block['content'];\n?--><\/p>\n<hr class=\"lisbeth\">\n<div class=\"lisbeth\">\n<h2>Contact:<\/h2>\n<ul>\n<li><a class=\"mail\" href=\"mailto:rene.zaragueta-bagils@upmc.fr\">Ren\u00e9 Zarag\u00fceta i Bagils<\/a><\/li>\n<\/ul>\n<h3>D\u00e9veloppement:<\/h3>\n<ul>\n<li><a class=\"mail\" href=\"mailto:jacko21@aliceadls.fr\">Jacques Ducasse<\/a><\/li>\n<\/ul>\n<h3>Concepts originaux:<\/h3>\n<ul>\n<li><a class=\"mail\" href=\"mailto:rene.zaragueta-bagils@upmc.fr\">Ren\u00e9 Zarag\u00fceta i Bagils<\/a><\/li>\n<li>Nathana\u00ebl Cao<\/li>\n<\/ul>\n<h3>En d\u00e9veloppement:<\/h3>\n<p>Les utilisateurs peuvent donc se trouver confronter \u00e0 des bugs.<\/p>\n<p>Dans ce cas, n&rsquo;h\u00e9sitez pas \u00e0 nous envoyer un rapport de bug pour que nous puissions, ensemble, am\u00e9liorer le logiciel<\/p>\n<p>Si vous \u00eates souhaitez participer \u00e0 nos d\u00e9veloppements, des traductions ou des discussions sur m\u00e9thodologiques, n&rsquo;h\u00e9sitez pas \u00e0 envoyer un courriel \u00e0 lisbeth@listes.upmc.fr<\/p>\n<h3>Liste de diffusion:<\/h3>\n<p>Une liste de diffusion pour le logiciel LisBeth est disponible.<\/p>\n<p>Cette liste vous permettra de:<\/p>\n<ul>\n<li>Suivre les \u00e9volutions de LisBeth<\/li>\n<li>Informer d&rsquo;un bug lors de l&rsquo;utilisation de LisBeth<\/li>\n<li>Donner vos opinion<\/li>\n<li>Discuter des m\u00e9thodes<\/li>\n<\/ul>\n<p>Pour vous inscire \u00e0 la liste:<\/p>\n<ul>\n<li>allez \u00e0 <a class=\"lisbeth\" href=\"https:\/\/www.listes.upmc.fr\/wws\/subscribe\/lisbeth\">Serveur de liste de diffusion<\/a><\/li>\n<li>Envoyer un courriel \u00e0 <a class=\"mail\" href=\"mailto:sympa@listes.upmc.fr?subject=subscribe%20lisbeth\">sympa@listes.upmc.fr?subject=subscribe%20lisbeth<\/a><\/li>\n<\/ul>\n<p>Pour \u00e9crire \u00e0 la liste:<\/p>\n<ul>\n<li>Envoyer un courriel \u00e0  <a class=\"mail\" href=\"mailto:lisbeth@listes.upmc.fr\">lisbeth@listes.upmc.fr<\/a><\/li>\n<\/ul>\n<p>Pour vous d\u00e9sinscrire de la liste:<\/p>\n<ul>\n<li>Allez \u00e0 <a class=\"lisbeth\" href=\"https:\/\/www.listes.upmc.fr\/wws\/sigrequest\/lisbeth\">Serveur de liste de diffusion<\/a><\/li>\n<li>Envoyer un courriel \u00e0 <a class=\"mail\" href=\"mailto:sympa@listes.upmc.fr?subject=unsubscribe%20lisbeth\">sympa@listes.upmc.fr?subject=unsubscribe%20lisbeth<\/a><\/li>\n<\/ul>\n<p>Pour avoir de l&rsquo;aide sur votre compte:<\/p>\n<ul>\n<li>Envoyer un courriel \u00e0 <a class=\"mail\" href=\"mailto:sympa@listes.upmc.fr?subject=help\">sympa@listes.upmc.fr?subject=help<\/a><\/li>\n<\/ul>\n<\/div>\n","protected":false},"excerpt":{"rendered":"<p>Contact: Ren\u00e9 Zarag\u00fceta i Bagils D\u00e9veloppement: Jacques Ducasse Concepts originaux: Ren\u00e9 Zarag\u00fceta i Bagils Nathana\u00ebl Cao En d\u00e9veloppement: Les utilisateurs peuvent donc se trouver confronter \u00e0 des bugs. Dans ce cas, n&rsquo;h\u00e9sitez pas \u00e0 nous envoyer un rapport de bug pour que nous puissions, ensemble, am\u00e9liorer le logiciel Si vous \u00eates souhaitez participer \u00e0 nos [&hellip;]<\/p>\n","protected":false},"author":1,"featured_media":0,"parent":17,"menu_order":3,"comment_status":"closed","ping_status":"closed","template":"","meta":{"footnotes":""},"class_list":["post-85","page","type-page","status-publish","hentry"],"blocksy_meta":{"styles_descriptor":{"styles":{"desktop":"","tablet":"","mobile":""},"google_fonts":[],"version":6}},"_links":{"self":[{"href":"https:\/\/infosyslab.fr\/index.php\/wp-json\/wp\/v2\/pages\/85","targetHints":{"allow":["GET"]}}],"collection":[{"href":"https:\/\/infosyslab.fr\/index.php\/wp-json\/wp\/v2\/pages"}],"about":[{"href":"https:\/\/infosyslab.fr\/index.php\/wp-json\/wp\/v2\/types\/page"}],"author":[{"embeddable":true,"href":"https:\/\/infosyslab.fr\/index.php\/wp-json\/wp\/v2\/users\/1"}],"replies":[{"embeddable":true,"href":"https:\/\/infosyslab.fr\/index.php\/wp-json\/wp\/v2\/comments?post=85"}],"version-history":[{"count":1,"href":"https:\/\/infosyslab.fr\/index.php\/wp-json\/wp\/v2\/pages\/85\/revisions"}],"predecessor-version":[{"id":297,"href":"https:\/\/infosyslab.fr\/index.php\/wp-json\/wp\/v2\/pages\/85\/revisions\/297"}],"up":[{"embeddable":true,"href":"https:\/\/infosyslab.fr\/index.php\/wp-json\/wp\/v2\/pages\/17"}],"wp:attachment":[{"href":"https:\/\/infosyslab.fr\/index.php\/wp-json\/wp\/v2\/media?parent=85"}],"curies":[{"name":"wp","href":"https:\/\/api.w.org\/{rel}","templated":true}]}}