{"id":86,"date":"2012-06-25T15:19:35","date_gmt":"2012-06-25T13:19:35","guid":{"rendered":"http:\/\/localhost\/infosyslab-wp\/index.php\/community\/"},"modified":"2023-02-22T10:41:50","modified_gmt":"2023-02-22T09:41:50","slug":"community","status":"publish","type":"page","link":"https:\/\/infosyslab.fr\/index.php\/en\/resources\/software\/lisbeth-4\/community\/","title":{"rendered":"LisBeth Community"},"content":{"rendered":"<p><!--?php\nrequire 'tools\/scripts\/utils2.php';\n$block = module_invoke('block', 'block_view', 22);\nprint $block['content'];\n?--><\/p>\n<hr class=\"lisbeth\">\n<div class=\"lisbeth\">\n<h2>Contact:<\/h2>\n<ul>\n<li><a class=\"mail\" href=\"mailto:rene.zaragueta-bagils@upmc.fr\">Ren\u00e9 Zarag\u00fceta i Bagils<\/a><\/li>\n<li><a class=\"mail\" href=\"mailto:visotheary.riviere-ung@snv.jussieu.fr\">Visotheary Riviere-Ung<\/a><\/li>\n<\/ul>\n<h3>Development:<\/h3>\n<ul>\n<li><a class=\"mail\" href=\"mailto:jacko21@aliceadls.fr\">Jacques Ducasse<\/a><\/li>\n<\/ul>\n<h3>Original concept:<\/h3>\n<ul>\n<li><a class=\"mail\" href=\"mailto:rene.zaragueta-bagils@upmc.fr\">Ren\u00e9 Zarag\u00fceta i Bagils<\/a><\/li>\n<li>Nathana\u00ebl Cao<\/li>\n<\/ul>\n<h3>In development:<\/h3>\n<p>Users may be confront to some bugs.<\/p>\n<p>In this case, send us a bug report, and so we will be able to improve together the Xper\u00b2 software<\/p>\n<p>If you are interesting to get involve in the translation, development, discussion about the method, or webdesign, please send us an email to lisbeth@listes.upmc.fr<\/p>\n<h3>Mailing-list:<\/h3>\n<p>A mailing-list for LisBeth users community is available.<\/p>\n<p>The aim of this mailing-list is to:<\/p>\n<ul>\n<li>Stay aware of the development of LisBeth<\/li>\n<li>Report a bug encountered during the use of LisBeth<\/li>\n<li>Give your opinion<\/li>\n<li>Discuss about the methods<\/li>\n<\/ul>\n<p>To subscribe the ml:<\/p>\n<ul>\n<li>go to the <a class=\"lisbeth\" href=\"https:\/\/www.listes.upmc.fr\/wws\/subscribe\/lisbeth\">Mailing-list server<\/a><\/li>\n<li>Send an email to <a class=\"mail\" href=\"mailto:sympa@listes.upmc.fr?subject=subscribe%20lisbeth\">sympa@listes.upmc.fr?subject=subscribe%20lisbeth<\/a><\/li>\n<\/ul>\n<p>To write to the ml:<\/p>\n<ul>\n<li>send an email to <a class=\"mail\" href=\"mailto:lisbeth@listes.upmc.fr\">lisbeth@listes.upmc.fr<\/a><\/li>\n<\/ul>\n<p>To unsubscribe the ml:<\/p>\n<ul>\n<li>go to the <a class=\"lisbeth\" href=\"https:\/\/www.listes.upmc.fr\/wws\/sigrequest\/lisbeth\">Mailing-list server<\/a><\/li>\n<li>Send an email to <a class=\"mail\" href=\"mailto:sympa@listes.upmc.fr?subject=unsubscribe%20lisbeth\">sympa@listes.upmc.fr?subject=unsubscribe%20lisbeth<\/a><\/li>\n<\/ul>\n<p>To get some help on your account:<\/p>\n<ul>\n<li>Send an email to <a class=\"mail\" href=\"mailto:sympa@listes.upmc.fr?subject=help\">sympa@listes.upmc.fr?subject=help<\/a><\/li>\n<\/ul>\n<\/div>\n","protected":false},"excerpt":{"rendered":"<p>Contact: Ren\u00e9 Zarag\u00fceta i Bagils Visotheary Riviere-Ung Development: Jacques Ducasse Original concept: Ren\u00e9 Zarag\u00fceta i Bagils Nathana\u00ebl Cao In development: Users may be confront to some bugs. In this case, send us a bug report, and so we will be able to improve together the Xper\u00b2 software If you are interesting to get involve in [&hellip;]<\/p>\n","protected":false},"author":1,"featured_media":0,"parent":80,"menu_order":3,"comment_status":"closed","ping_status":"closed","template":"","meta":{"footnotes":""},"class_list":["post-86","page","type-page","status-publish","hentry"],"blocksy_meta":{"styles_descriptor":{"styles":{"desktop":"","tablet":"","mobile":""},"google_fonts":[],"version":6}},"_links":{"self":[{"href":"https:\/\/infosyslab.fr\/index.php\/wp-json\/wp\/v2\/pages\/86","targetHints":{"allow":["GET"]}}],"collection":[{"href":"https:\/\/infosyslab.fr\/index.php\/wp-json\/wp\/v2\/pages"}],"about":[{"href":"https:\/\/infosyslab.fr\/index.php\/wp-json\/wp\/v2\/types\/page"}],"author":[{"embeddable":true,"href":"https:\/\/infosyslab.fr\/index.php\/wp-json\/wp\/v2\/users\/1"}],"replies":[{"embeddable":true,"href":"https:\/\/infosyslab.fr\/index.php\/wp-json\/wp\/v2\/comments?post=86"}],"version-history":[{"count":2,"href":"https:\/\/infosyslab.fr\/index.php\/wp-json\/wp\/v2\/pages\/86\/revisions"}],"predecessor-version":[{"id":536,"href":"https:\/\/infosyslab.fr\/index.php\/wp-json\/wp\/v2\/pages\/86\/revisions\/536"}],"up":[{"embeddable":true,"href":"https:\/\/infosyslab.fr\/index.php\/wp-json\/wp\/v2\/pages\/80"}],"wp:attachment":[{"href":"https:\/\/infosyslab.fr\/index.php\/wp-json\/wp\/v2\/media?parent=86"}],"curies":[{"name":"wp","href":"https:\/\/api.w.org\/{rel}","templated":true}]}}