{"id":88,"date":"2012-06-25T15:19:35","date_gmt":"2012-06-25T13:19:35","guid":{"rendered":"http:\/\/localhost\/infosyslab-wp\/index.php\/derversion\/"},"modified":"2023-02-22T11:24:06","modified_gmt":"2023-02-22T10:24:06","slug":"derversion","status":"publish","type":"page","link":"https:\/\/infosyslab.fr\/index.php\/ressources\/logiciels\/xper2\/derversion\/","title":{"rendered":"Xper2 &#8211; Derni\u00e8re version"},"content":{"rendered":"<p><!--?php\nrequire 'tools\/scripts\/utils2.php';\n$block = module_invoke('block', 'block_view', 25);\nprint $block['content'];\n?--><\/p>\n<hr class=\"xper2\">\n<div class=\"xper2\">\n<h2>\n\t\tVersion 2.3.2 (java 1.6 n\u00e9cessaire &#8211; test\u00e9 avec java 1.7 et 1.8) <img decoding=\"async\" alt=\"French\" src=\"<?php echo $xper2_images_directory; ?>\/france16.gif\u00a0\u00bb> <img decoding=\"async\" alt=\"English\" src=\"<?php echo $xper2_images_directory; ?>\/gb16.gif\u00a0\u00bb> <img decoding=\"async\" alt=\"Spanish\" src=\"<?php echo $xper2_images_directory; ?>\/spain16.gif\u00a0\u00bb> <img decoding=\"async\" alt=\"Portuguese\" src=\"<?php echo $xper2_images_directory; ?>\/portugal16.gif\u00a0\u00bb> <img decoding=\"async\" alt=\"China\" src=\"<?php echo $xper2_images_directory; ?>\/china16.gif\u00a0\u00bb><\/h2>\n<p><i>Attention, il s&rsquo;agit d&rsquo;une version non d\u00e9finitive, pouvant contenir des bugs !<\/i><\/p>\n<ul>\n<li>\n\t\t\t<a href=\"#Xper2\">Xper\u00b2 version compl\u00e8te<\/a><\/li>\n<li>\n\t\t\t<a href=\"#Xper2_identification\">Xper\u00b2 version identification<\/a><!--<\/li--><\/li>\n<li>\n\t\t\t<a href=\"#bases_exemple\">Bases d&rsquo;exemple<\/a><!--<\/li--><\/li>\n<li>\n\t\t\t<a href=\"#JRE\">Java Runtime Environment<\/a><!--<\/li--><\/li>\n<li>\n\t\t\t<a href=\"#Xper2_old\">Xper\u00b2 anciennes versions<\/a><!--<\/li--><\/li>\n<\/ul>\n<p><a id=\"Xper2\" name=\"Xper2\"><\/a><\/p>\n<h2>\n\t\tXper\u00b2 version compl\u00e8te<\/h2>\n<div id=\"download\">.<\/p>\n<p><!--?php createInfoCells($xper2_releases_directory . '\/2.3.2\/windows\/Xper2-Editor-2.3.2.exe', 'Xper2-Editor-2.3.2.exe'); ?--><br \/>\n<!--?php createInfoCells($xper2_releases_directory . '\/2.3.2\/linux\/Xper2-Editor-2.3.2.jar', 'Xper2-Editor-2.3.2.jar'); ?--><br \/>\n<!--?php createInfoCells($xper2_releases_directory . '\/2.3.2\/mac\/Xper2-Editor-2.3.2.zip', 'Xper2-Editor-2.3.2.zip'); ?--><\/p>\n<table border=\"1\" rules=\"none\" width=\"100%\">\n<thead class=\"click\">\n<tr>\n<th>\n\t\t\t\t\t\t<a href=\"javascript:void(0);\" id=\"a1\" onclick=\"javascript:sortTable(event, 'a1');\" title=\"Trier selon la Plateform\">Plateforme<\/a><\/th>\n<th>\n\t\t\t\t\t\t<a href=\"javascript:void(0);\" id=\"a2\" onclick=\"javascript:sortTable(event, 'a2');\" title=\"Trier selon le File name\">Nom du fichier<\/a><\/th>\n<th>\n\t\t\t\t\t\t<a href=\"javascript:void(0);\" id=\"a3\" onclick=\"javascript:sortTable(event, 'a3');\" title=\"Trier selon la File size\">Taille du fichier<\/a><\/th>\n<th>\n\t\t\t\t\t\t<a href=\"javascript:void(0);\" id=\"a4\" onclick=\"javascript:sortTable(event, 'a4');\" title=\"Trier selon la Modify on du fichier\">Date de modification<\/a><\/th>\n<\/tr>\n<\/thead>\n<tbody>\n<tr>\n<td>Windows XP\/Vista\/7 &#8211; Windows 10 (test\u00e9 avec java 1.7 et 1.8)<\/td>\n<\/tr>\n<tr>\n<td>Linux \/ MacOS X (&gt;10.10)<\/td>\n<\/tr>\n<tr>\n<td>MacOS X (&lt;10.11)<\/td>\n<\/tr>\n<\/tbody>\n<\/table>\n<\/div>\n<hr>\n<p><a id=\"Xper2_identification\" name=\"Xper2_identification\"><\/a><\/p>\n<h2>\n\t\tXper\u00b2 version identification<\/h2>\n<p>(Module d&rsquo;identification uniquement)<\/p>\n<div id=\"download\">\n<p>\t\t\t\t\t<!--?php createInfoCells($xper2_releases_directory . '\/2.3.2\/windows\/Xper2-Identification-2.3.2.exe', 'Xper2-Identification-2.3.2.exe'); ?--><br \/>\n<!--?php createInfoCells($xper2_releases_directory . '\/2.3.2\/linux\/Xper2-Identification-2.3.2.jar', 'Xper2-Identification-2.3.2.jar'); ?--><br \/>\n<!--?php createInfoCells($xper2_releases_directory . '\/2.3.2\/mac\/Xper2-Identification-2.3.2.zip', 'Xper2-Identification-2.3.2.zip'); ?--><\/p>\n<table border=\"1\" rules=\"none\" width=\"100%\">\n<thead class=\"click\">\n<tr>\n<th>\n\t\t\t\t\t\t<a href=\"javascript:void(0);\" id=\"a1\" onclick=\"javascript:sortTable(event, 'a1');\" title=\"Trier selon la Plateform\">Plateforme<\/a><\/th>\n<th>\n\t\t\t\t\t\t<a href=\"javascript:void(0);\" id=\"a2\" onclick=\"javascript:sortTable(event, 'a2');\" title=\"Trier selon le File name\">Nom du fichier<\/a><\/th>\n<th>\n\t\t\t\t\t\t<a href=\"javascript:void(0);\" id=\"a3\" onclick=\"javascript:sortTable(event, 'a3');\" title=\"Trier selon la File size\">Taille du fichier<\/a><\/th>\n<th>\n\t\t\t\t\t\t<a href=\"javascript:void(0);\" id=\"a4\" onclick=\"javascript:sortTable(event, 'a4');\" title=\"Trier selon la Modify on du fichier\">Date de modification<\/a><\/th>\n<\/tr>\n<\/thead>\n<tbody>\n<tr>\n<td>\n\t\t\t\t\t\tWindows XP\/Vista\/7\/10 (java 1.7\/1.8)<\/td>\n<\/tr>\n<tr>\n<td>\n\t\t\t\t\t\tLinux<\/td>\n<\/tr>\n<tr>\n<td>\n\t\t\t\t\t\tMacOS X<\/td>\n<\/tr>\n<\/tbody>\n<\/table>\n<\/div>\n<hr>\n<p><a id=\"bases_exemple\" name=\"bases_exemple\"><\/a><\/p>\n<h2>\n\t\tBases d&rsquo;exemple<\/h2>\n<p>Pour tester et prendre en main Xper\u00b2, t\u00e9l\u00e9chargez une des bases suivantes, d\u00e9zippez-la et ouvrez la base via l&rsquo;interface d&rsquo;Xper\u00b2 : Fichier &gt; Ouvrir une base<\/p>\n<div id=\"download\">\n<p>\t\t\t\t\t<!--?php createInfoCells($xper2_bases_directory . '\/feuilles.zip', 'feuilles.zip'); ?--><br \/>\n<!--?php createInfoCells($xper2_bases_directory . '\/instutor.zip', 'instutor.zip'); ?--><br \/>\n<!--\n\n\n<tr>\n\n\n<td>Base Coraux des Mascareignes<\/td>\n\n\n<?php createInfoCells($xper2_bases_directory . '\/coraux_Mascareignes.zip', 'coraux_Mascareignes.zip'); ?><\/tr>\n\n\n--><\/p>\n<table border=\"1\" rules=\"none\" width=\"100%\">\n<thead class=\"click\">\n<tr>\n<th>\n\t\t\t\t\t\t<a href=\"javascript:void(0);\" id=\"a1\" onclick=\"javascript:sortTable(event, 'a1');\" title=\"Trier selon la Plateform\">Ressource<\/a><\/th>\n<th>\n\t\t\t\t\t\t<a href=\"javascript:void(0);\" id=\"a2\" onclick=\"javascript:sortTable(event, 'a2');\" title=\"Trier selon le File name\">Nom du fichier<\/a><\/th>\n<th>\n\t\t\t\t\t\t<a href=\"javascript:void(0);\" id=\"a3\" onclick=\"javascript:sortTable(event, 'a3');\" title=\"Trier selon la File size\">Taille du fichier<\/a><\/th>\n<th>\n\t\t\t\t\t\t<a href=\"javascript:void(0);\" id=\"a4\" onclick=\"javascript:sortTable(event, 'a4');\" title=\"Trier selon la Modify on du fichier\">Date de modification<\/a><\/th>\n<\/tr>\n<\/thead>\n<tbody>\n<tr>\n<td>\n\t\t\t\t\t\tBase feuilles<\/td>\n<\/tr>\n<tr>\n<td>\n\t\t\t\t\t\tBase instutor<\/td>\n<\/tr>\n<\/tbody>\n<\/table>\n<\/div>\n<hr>\n<p><a id=\"JRE\" name=\"JRE\"><\/a><\/p>\n<h2>\n\t\tJava Runtime Environment<\/h2>\n<p>Xper\u00b2 \u00e0 besoin de java pour fonctionner, vous devez installer ou mettre \u00e0 jour la JRE sur votre machine.<br \/>\n<a href=\"http:\/\/www.java.com\/fr\/\" title=\"Aller sur java.fr\">Portail de t\u00e9l\u00e9chargement<\/a><\/p>\n<p><a id=\"Xper2_old\" name=\"Xper2_old\"><\/a><\/p>\n<h2>\n\t\tXper\u00b2 anciennes versions<\/h2>\n<p><a href=\"http:\/\/lis-upmc.snv.jussieu.fr\/lis\/ressources\/xper2\/downloads\/releases\/2.2\/\">Xper\u00b2 release 2.2 (compatible Java 1.5)<\/a><br \/>\n<a href=\"http:\/\/lis-upmc.snv.jussieu.fr\/lis\/ressources\/xper2\/downloads\/releases\/2.1\/\">Xper\u00b2 version 2.1 (compatible Java 1.5)<\/a><br \/>\n<a href=\"http:\/\/lis-upmc.snv.jussieu.fr\/lis\/ressources\/xper2\/downloads\/releases\/2.0\/\">Xper\u00b2 version 2.0 (compatible Java 1.5)<\/a><\/p>\n<p class=\"top\"><a href=\"#\">^Haut de page^<\/a><\/p>\n<\/div>\n","protected":false},"excerpt":{"rendered":"<p>Version 2.3.2 (java 1.6 n\u00e9cessaire &#8211; test\u00e9 avec java 1.7 et 1.8)<\/p>\n","protected":false},"author":1,"featured_media":0,"parent":18,"menu_order":3,"comment_status":"closed","ping_status":"closed","template":"","meta":{"footnotes":""},"class_list":["post-88","page","type-page","status-publish","hentry"],"blocksy_meta":{"styles_descriptor":{"styles":{"desktop":"","tablet":"","mobile":""},"google_fonts":[],"version":6}},"_links":{"self":[{"href":"https:\/\/infosyslab.fr\/index.php\/wp-json\/wp\/v2\/pages\/88","targetHints":{"allow":["GET"]}}],"collection":[{"href":"https:\/\/infosyslab.fr\/index.php\/wp-json\/wp\/v2\/pages"}],"about":[{"href":"https:\/\/infosyslab.fr\/index.php\/wp-json\/wp\/v2\/types\/page"}],"author":[{"embeddable":true,"href":"https:\/\/infosyslab.fr\/index.php\/wp-json\/wp\/v2\/users\/1"}],"replies":[{"embeddable":true,"href":"https:\/\/infosyslab.fr\/index.php\/wp-json\/wp\/v2\/comments?post=88"}],"version-history":[{"count":1,"href":"https:\/\/infosyslab.fr\/index.php\/wp-json\/wp\/v2\/pages\/88\/revisions"}],"predecessor-version":[{"id":564,"href":"https:\/\/infosyslab.fr\/index.php\/wp-json\/wp\/v2\/pages\/88\/revisions\/564"}],"up":[{"embeddable":true,"href":"https:\/\/infosyslab.fr\/index.php\/wp-json\/wp\/v2\/pages\/18"}],"wp:attachment":[{"href":"https:\/\/infosyslab.fr\/index.php\/wp-json\/wp\/v2\/media?parent=88"}],"curies":[{"name":"wp","href":"https:\/\/api.w.org\/{rel}","templated":true}]}}