{"id":9,"date":"2012-06-25T15:19:35","date_gmt":"2012-06-25T13:19:35","guid":{"rendered":"http:\/\/localhost\/infosyslab-wp\/index.php\/logiciels\/"},"modified":"2023-02-22T10:25:38","modified_gmt":"2023-02-22T09:25:38","slug":"logiciels","status":"publish","type":"page","link":"https:\/\/infosyslab.fr\/index.php\/ressources\/logiciels\/","title":{"rendered":"Logiciels"},"content":{"rendered":"<p><span class=\"ressources\"><strong>Autour de l&rsquo;identification<\/strong><\/span><\/p>\n<p>Syst\u00e8me de gestion de bases de connaissances et d&rsquo;identification (cl\u00e9 \u00e0 acc\u00e8s libre): <span class=\"ressources\"><a href=\"?q=fr\/ressources\/logiciels\/xper2\">Xper\u00b2<\/a><\/span>.<\/p>\n<p>Cr\u00e9ation en ligne d\u00b4une cl\u00e9 d\u00b4identification personnalis\u00e9e : <span class=\"ressources\"><a href=\"http:\/\/www.identificationkey.fr\">Identificationkey.fr<\/a><\/span>.<\/p>\n<p>Plateforme d&rsquo;\u00e9dition collaborative de bases de connaissances en ligne  <span class=\"ressources\"><a href=\"http:\/\/www.xper3.fr\"> Xper3<\/a><\/span><a href=\"http:\/\/www.xper3.fr\">.<\/a><\/p>\n<p><a href=\"http:\/\/www.xper3.fr\"><span class=\"ressources\"><strong>Autour de la 3ia<\/strong><\/span><\/p>\n<p><\/a><a href=\"http:\/\/www.xper3.fr\">Aujourd&rsquo;hui, un seul logiciel impl\u00e9mentant l&rsquo;analyse \u00e0 3 \u00e9l\u00e9ments existe et a \u00e9t\u00e9 d\u00e9velopp\u00e9 au sein de notre laboratoire.<br \/>\n<span class=\"ressources\"><\/span><\/a><a href=\"?q=fr\/ressources\/logiciels\/lisbeth\">Lisbeth<\/a> est le fruit d&rsquo;une r\u00e9flexion commune et a b\u00e9n\u00e9fici\u00e9 d&rsquo;une expertise ext\u00e9rieure pour son d\u00e9veloppement informatique.<\/p>\n","protected":false},"excerpt":{"rendered":"<p>Autour de l&rsquo;identification Syst\u00e8me de gestion de bases de connaissances et d&rsquo;identification (cl\u00e9 \u00e0 acc\u00e8s libre): Xper\u00b2. Cr\u00e9ation en ligne d\u00b4une cl\u00e9 d\u00b4identification personnalis\u00e9e : Identificationkey.fr. Plateforme d&rsquo;\u00e9dition collaborative de bases de connaissances en ligne Xper3. Autour de la 3ia Aujourd&rsquo;hui, un seul logiciel impl\u00e9mentant l&rsquo;analyse \u00e0 3 \u00e9l\u00e9ments existe et a \u00e9t\u00e9 d\u00e9velopp\u00e9 au [&hellip;]<\/p>\n","protected":false},"author":1,"featured_media":0,"parent":4,"menu_order":1,"comment_status":"closed","ping_status":"closed","template":"","meta":{"footnotes":""},"class_list":["post-9","page","type-page","status-publish","hentry"],"blocksy_meta":{"styles_descriptor":{"styles":{"desktop":"","tablet":"","mobile":""},"google_fonts":[],"version":6}},"_links":{"self":[{"href":"https:\/\/infosyslab.fr\/index.php\/wp-json\/wp\/v2\/pages\/9","targetHints":{"allow":["GET"]}}],"collection":[{"href":"https:\/\/infosyslab.fr\/index.php\/wp-json\/wp\/v2\/pages"}],"about":[{"href":"https:\/\/infosyslab.fr\/index.php\/wp-json\/wp\/v2\/types\/page"}],"author":[{"embeddable":true,"href":"https:\/\/infosyslab.fr\/index.php\/wp-json\/wp\/v2\/users\/1"}],"replies":[{"embeddable":true,"href":"https:\/\/infosyslab.fr\/index.php\/wp-json\/wp\/v2\/comments?post=9"}],"version-history":[{"count":1,"href":"https:\/\/infosyslab.fr\/index.php\/wp-json\/wp\/v2\/pages\/9\/revisions"}],"predecessor-version":[{"id":526,"href":"https:\/\/infosyslab.fr\/index.php\/wp-json\/wp\/v2\/pages\/9\/revisions\/526"}],"up":[{"embeddable":true,"href":"https:\/\/infosyslab.fr\/index.php\/wp-json\/wp\/v2\/pages\/4"}],"wp:attachment":[{"href":"https:\/\/infosyslab.fr\/index.php\/wp-json\/wp\/v2\/media?parent=9"}],"curies":[{"name":"wp","href":"https:\/\/api.w.org\/{rel}","templated":true}]}}