{"id":94,"date":"2012-06-25T15:19:35","date_gmt":"2012-06-25T13:19:35","guid":{"rendered":"http:\/\/localhost\/infosyslab-wp\/index.php\/donnees\/"},"modified":"2023-02-22T11:31:48","modified_gmt":"2023-02-22T10:31:48","slug":"donnees","status":"publish","type":"page","link":"https:\/\/infosyslab.fr\/index.php\/themes\/methodologie\/donnees\/","title":{"rendered":"Comment traiter les donn\u00e9es manquantes?"},"content":{"rendered":"<p>La question des donn\u00e9es manquantes fait l\u2019objet d\u2019une contribution au congr\u00e8s de pal\u00e9obotanique au coll\u00e8ge de France (2007) et au Biennial Meeting de la Systematics Association, Edimbourg (2007) de m\u00eame qu&rsquo;a \u00e9t\u00e9 d\u00e9velopp\u00e9 le lien de cette question avec le codage cladistique des insertions-d\u00e9l\u00e9tions dans les s\u00e9quences mol\u00e9culaires (Barriel 2004) .<\/p>\n<p>L\u2019alternative entre lign\u00e9e anag\u00e9n\u00e9tique et cladogramme a \u00e9t\u00e9 illustr\u00e9e (Cecca &amp; Rouget 2006) \u00e0 partir d\u2019une \u00e9tude de cas (ammonites du genre Semiformiceras) o\u00f9 l\u2019heuristique de la solution cladistique est favoris\u00e9e m\u00eame si ce point de vue est encore tr\u00e8s contest\u00e9 en ammonitologie.<\/p>\n","protected":false},"excerpt":{"rendered":"<p>La question des donn\u00e9es manquantes fait l\u2019objet d\u2019une contribution au congr\u00e8s de pal\u00e9obotanique au coll\u00e8ge de France (2007) et au Biennial Meeting de la Systematics Association, Edimbourg (2007) de m\u00eame qu&rsquo;a \u00e9t\u00e9 d\u00e9velopp\u00e9 le lien de cette question avec le codage cladistique des insertions-d\u00e9l\u00e9tions dans les s\u00e9quences mol\u00e9culaires (Barriel 2004) . L\u2019alternative entre lign\u00e9e anag\u00e9n\u00e9tique [&hellip;]<\/p>\n","protected":false},"author":1,"featured_media":0,"parent":78,"menu_order":2,"comment_status":"closed","ping_status":"closed","template":"","meta":{"footnotes":""},"class_list":["post-94","page","type-page","status-publish","hentry"],"blocksy_meta":{"styles_descriptor":{"styles":{"desktop":"","tablet":"","mobile":""},"google_fonts":[],"version":6}},"_links":{"self":[{"href":"https:\/\/infosyslab.fr\/index.php\/wp-json\/wp\/v2\/pages\/94","targetHints":{"allow":["GET"]}}],"collection":[{"href":"https:\/\/infosyslab.fr\/index.php\/wp-json\/wp\/v2\/pages"}],"about":[{"href":"https:\/\/infosyslab.fr\/index.php\/wp-json\/wp\/v2\/types\/page"}],"author":[{"embeddable":true,"href":"https:\/\/infosyslab.fr\/index.php\/wp-json\/wp\/v2\/users\/1"}],"replies":[{"embeddable":true,"href":"https:\/\/infosyslab.fr\/index.php\/wp-json\/wp\/v2\/comments?post=94"}],"version-history":[{"count":1,"href":"https:\/\/infosyslab.fr\/index.php\/wp-json\/wp\/v2\/pages\/94\/revisions"}],"predecessor-version":[{"id":570,"href":"https:\/\/infosyslab.fr\/index.php\/wp-json\/wp\/v2\/pages\/94\/revisions\/570"}],"up":[{"embeddable":true,"href":"https:\/\/infosyslab.fr\/index.php\/wp-json\/wp\/v2\/pages\/78"}],"wp:attachment":[{"href":"https:\/\/infosyslab.fr\/index.php\/wp-json\/wp\/v2\/media?parent=94"}],"curies":[{"name":"wp","href":"https:\/\/api.w.org\/{rel}","templated":true}]}}